{"id":1020,"date":"2025-01-31T08:33:17","date_gmt":"2025-01-31T07:33:17","guid":{"rendered":"https:\/\/divainers.com\/producto\/divain-587\/"},"modified":"2026-03-16T16:08:14","modified_gmt":"2026-03-16T15:08:14","slug":"divain-587","status":"publish","type":"product","link":"https:\/\/divainers.com\/bg\/producto\/divain-587\/","title":{"rendered":"divain.587"},"content":{"rendered":"<p>Un aroma seductor, audaz y lleno de contrastes que evoca una feminidad atrevida y magn\u00e9tica. Desde la apertura, la dulzura chispeante de la ylang-ylang y la vainilla envuelve los sentidos, creando una entrada ex\u00f3tica y envolvente. En su coraz\u00f3n, un toque adictivo de palomitas de ma\u00edz caramelizadas aporta una nota inesperada, deliciosa y ligeramente salada, que se entrelaza con la calidez del s\u00e1ndalo y el almizcle en la base, dejando una estela sensual y duradera. Un perfume ideal para quienes buscan una fragancia floral oriental con un giro gourmand, perfecta para noches especiales o para quienes desean destacar con una esencia atrevida, dulce y completamente irresistible.<\/p>\n","protected":false},"excerpt":{"rendered":"<p>Recuerda a Pure XS for Her de Paco Rabanne<\/p>\n","protected":false},"featured_media":2980,"comment_status":"open","ping_status":"closed","template":"","meta":[],"product_brand":[],"product_cat":[802],"product_tag":[1452],"class_list":{"0":"post-1020","1":"product","2":"type-product","3":"status-publish","4":"has-post-thumbnail","6":"product_cat-paco-rabanne","7":"product_tag-sievietes","9":"first","10":"instock","11":"shipping-taxable","12":"product-type-simple"},"_links":{"self":[{"href":"https:\/\/divainers.com\/bg\/wp-json\/wp\/v2\/product\/1020","targetHints":{"allow":["GET"]}}],"collection":[{"href":"https:\/\/divainers.com\/bg\/wp-json\/wp\/v2\/product"}],"about":[{"href":"https:\/\/divainers.com\/bg\/wp-json\/wp\/v2\/types\/product"}],"replies":[{"embeddable":true,"href":"https:\/\/divainers.com\/bg\/wp-json\/wp\/v2\/comments?post=1020"}],"wp:featuredmedia":[{"embeddable":true,"href":"https:\/\/divainers.com\/bg\/wp-json\/wp\/v2\/media\/2980"}],"wp:attachment":[{"href":"https:\/\/divainers.com\/bg\/wp-json\/wp\/v2\/media?parent=1020"}],"wp:term":[{"taxonomy":"product_brand","embeddable":true,"href":"https:\/\/divainers.com\/bg\/wp-json\/wp\/v2\/product_brand?post=1020"},{"taxonomy":"product_cat","embeddable":true,"href":"https:\/\/divainers.com\/bg\/wp-json\/wp\/v2\/product_cat?post=1020"},{"taxonomy":"product_tag","embeddable":true,"href":"https:\/\/divainers.com\/bg\/wp-json\/wp\/v2\/product_tag?post=1020"}],"curies":[{"name":"wp","href":"https:\/\/api.w.org\/{rel}","templated":true}]}}