{"id":10326,"date":"2026-04-15T15:18:24","date_gmt":"2026-04-15T13:18:24","guid":{"rendered":"https:\/\/divainers.com\/?post_type=product&#038;p=10326"},"modified":"2026-04-15T15:18:24","modified_gmt":"2026-04-15T13:18:24","slug":"divain-1097","status":"publish","type":"product","link":"https:\/\/divainers.com\/bg\/producto\/divain-1097\/","title":{"rendered":"divain.1097"},"content":{"rendered":"<p>Evoca una feminidad vibrante y jugosa, con un car\u00e1cter moderno y chispeante que transmite energ\u00eda y seducci\u00f3n. Es una fragancia luminosa y adictiva, perfecta para quienes buscan un aroma dulce, atrevido y lleno de personalidad.<\/p>\n","protected":false},"excerpt":{"rendered":"<p><span data-sheets-root=\"1\">Recuerda a Libre Berry Crush de Yves Saint Laurent<\/span><\/p>\n","protected":false},"featured_media":10330,"comment_status":"open","ping_status":"closed","template":"","meta":[],"product_brand":[],"product_cat":[2252],"product_tag":[],"class_list":{"0":"post-10326","1":"product","2":"type-product","3":"status-publish","4":"has-post-thumbnail","6":"product_cat-yves-saint-laurent","8":"first","9":"instock","10":"shipping-taxable","11":"product-type-simple"},"_links":{"self":[{"href":"https:\/\/divainers.com\/bg\/wp-json\/wp\/v2\/product\/10326","targetHints":{"allow":["GET"]}}],"collection":[{"href":"https:\/\/divainers.com\/bg\/wp-json\/wp\/v2\/product"}],"about":[{"href":"https:\/\/divainers.com\/bg\/wp-json\/wp\/v2\/types\/product"}],"replies":[{"embeddable":true,"href":"https:\/\/divainers.com\/bg\/wp-json\/wp\/v2\/comments?post=10326"}],"wp:featuredmedia":[{"embeddable":true,"href":"https:\/\/divainers.com\/bg\/wp-json\/wp\/v2\/media\/10330"}],"wp:attachment":[{"href":"https:\/\/divainers.com\/bg\/wp-json\/wp\/v2\/media?parent=10326"}],"wp:term":[{"taxonomy":"product_brand","embeddable":true,"href":"https:\/\/divainers.com\/bg\/wp-json\/wp\/v2\/product_brand?post=10326"},{"taxonomy":"product_cat","embeddable":true,"href":"https:\/\/divainers.com\/bg\/wp-json\/wp\/v2\/product_cat?post=10326"},{"taxonomy":"product_tag","embeddable":true,"href":"https:\/\/divainers.com\/bg\/wp-json\/wp\/v2\/product_tag?post=10326"}],"curies":[{"name":"wp","href":"https:\/\/api.w.org\/{rel}","templated":true}]}}