{"id":1110,"date":"2025-01-31T08:33:27","date_gmt":"2025-01-31T07:33:27","guid":{"rendered":"https:\/\/divainers.com\/producto\/divain-065\/"},"modified":"2026-04-30T15:53:08","modified_gmt":"2026-04-30T13:53:08","slug":"divain-065","status":"publish","type":"product","link":"https:\/\/divainers.com\/bg\/producto\/divain-065\/","title":{"rendered":"divain.065"},"content":{"rendered":"<p>Intenzivan i zavodljiv miris koji budi osjetila jedinstvenom kombinacijom slatko\u0107e i dubine. Njegov \u017eivahan po\u010detak s bergamotom i crvenim vo\u0107em donosi osvje\u017eavaju\u0107u i so\u010dnu notu. U srcu, pralin\u00e9 i vanilija obavijaju miris toplinom i neodoljivom slatko\u0107om. U bazi, pa\u010duli i jantar stvaraju dubok i tajanstven trag, savr\u0161en za hrabru, magnetsku \u017eenu s prepoznatljivom osobno\u0161\u0107u.<\/p>\n","protected":false},"excerpt":{"rendered":"<p>Podsje\u0107a na Angel od Thierry Mugler<\/p>\n","protected":false},"featured_media":15081,"comment_status":"open","ping_status":"closed","template":"","meta":[],"product_brand":[],"product_cat":[3741],"product_tag":[1422],"class_list":{"0":"post-1110","1":"product","2":"type-product","3":"status-publish","4":"has-post-thumbnail","6":"product_cat-thierry-mugler","7":"product_tag-vrouwen","9":"first","10":"instock","11":"shipping-taxable","12":"product-type-simple"},"_links":{"self":[{"href":"https:\/\/divainers.com\/bg\/wp-json\/wp\/v2\/product\/1110","targetHints":{"allow":["GET"]}}],"collection":[{"href":"https:\/\/divainers.com\/bg\/wp-json\/wp\/v2\/product"}],"about":[{"href":"https:\/\/divainers.com\/bg\/wp-json\/wp\/v2\/types\/product"}],"replies":[{"embeddable":true,"href":"https:\/\/divainers.com\/bg\/wp-json\/wp\/v2\/comments?post=1110"}],"wp:featuredmedia":[{"embeddable":true,"href":"https:\/\/divainers.com\/bg\/wp-json\/wp\/v2\/media\/15081"}],"wp:attachment":[{"href":"https:\/\/divainers.com\/bg\/wp-json\/wp\/v2\/media?parent=1110"}],"wp:term":[{"taxonomy":"product_brand","embeddable":true,"href":"https:\/\/divainers.com\/bg\/wp-json\/wp\/v2\/product_brand?post=1110"},{"taxonomy":"product_cat","embeddable":true,"href":"https:\/\/divainers.com\/bg\/wp-json\/wp\/v2\/product_cat?post=1110"},{"taxonomy":"product_tag","embeddable":true,"href":"https:\/\/divainers.com\/bg\/wp-json\/wp\/v2\/product_tag?post=1110"}],"curies":[{"name":"wp","href":"https:\/\/api.w.org\/{rel}","templated":true}]}}