{"id":1120,"date":"2025-01-31T08:33:28","date_gmt":"2025-01-31T07:33:28","guid":{"rendered":"https:\/\/divainers.com\/producto\/divain-427\/"},"modified":"2026-04-30T16:03:32","modified_gmt":"2026-04-30T14:03:32","slug":"divain-427","status":"publish","type":"product","link":"https:\/\/divainers.com\/bg\/producto\/divain-427\/","title":{"rendered":"divain.427"},"content":{"rendered":"<p>Zavodljiv i tajanstven miris koji utjelovljuje neodoljivi magnetizam bezvremenog \u0161arma. Za\u010dinjen i citrusni po\u010detak budi osjetila \u017eivahnim dodirom bergamota i crnog papra, otvaraju\u0107i put senzualnom srcu gdje se note lavande, jantara i dragocjenog drve\u0107a elegantno stapaju. U bazi, mo\u0161us, vanilija i sandalovina obavijaju ko\u017eu toplim, sofisticiranim i ovisni\u010dkim tragom. Profinjeni i hrabri parfem, savr\u0161en za one koji tra\u017ee miris s karakterom, dubinom i aurom neodoljive zavodljivosti.<\/p>\n","protected":false},"excerpt":{"rendered":"<p>Podsje\u0107a na Casanova od Tiziana Terenzi<\/p>\n","protected":false},"featured_media":15443,"comment_status":"open","ping_status":"closed","template":"","meta":[],"product_brand":[],"product_cat":[4007],"product_tag":[1407],"class_list":{"0":"post-1120","1":"product","2":"type-product","3":"status-publish","4":"has-post-thumbnail","6":"product_cat-tiziana-terenzi","7":"product_tag-unisex","9":"first","10":"instock","11":"shipping-taxable","12":"product-type-simple"},"_links":{"self":[{"href":"https:\/\/divainers.com\/bg\/wp-json\/wp\/v2\/product\/1120","targetHints":{"allow":["GET"]}}],"collection":[{"href":"https:\/\/divainers.com\/bg\/wp-json\/wp\/v2\/product"}],"about":[{"href":"https:\/\/divainers.com\/bg\/wp-json\/wp\/v2\/types\/product"}],"replies":[{"embeddable":true,"href":"https:\/\/divainers.com\/bg\/wp-json\/wp\/v2\/comments?post=1120"}],"wp:featuredmedia":[{"embeddable":true,"href":"https:\/\/divainers.com\/bg\/wp-json\/wp\/v2\/media\/15443"}],"wp:attachment":[{"href":"https:\/\/divainers.com\/bg\/wp-json\/wp\/v2\/media?parent=1120"}],"wp:term":[{"taxonomy":"product_brand","embeddable":true,"href":"https:\/\/divainers.com\/bg\/wp-json\/wp\/v2\/product_brand?post=1120"},{"taxonomy":"product_cat","embeddable":true,"href":"https:\/\/divainers.com\/bg\/wp-json\/wp\/v2\/product_cat?post=1120"},{"taxonomy":"product_tag","embeddable":true,"href":"https:\/\/divainers.com\/bg\/wp-json\/wp\/v2\/product_tag?post=1120"}],"curies":[{"name":"wp","href":"https:\/\/api.w.org\/{rel}","templated":true}]}}