{"id":1124,"date":"2025-01-31T08:33:28","date_gmt":"2025-01-31T07:33:28","guid":{"rendered":"https:\/\/divainers.com\/producto\/divain-295\/"},"modified":"2026-04-30T16:00:17","modified_gmt":"2026-04-30T14:00:17","slug":"divain-295","status":"publish","type":"product","link":"https:\/\/divainers.com\/bg\/producto\/divain-295\/","title":{"rendered":"divain.295"},"content":{"rendered":"<p>Intenzivan i rasko\u0161an miris s za\u010dinjenim i blago citrusnim otvaranjem koje vodi do toplog i gurmanskog srca. Slatke i kremaste note u kombinaciji s egzoti\u010dnim za\u010dinima stvaraju luksuzan i obavijaju\u0107i dojam. Drvenasta i jantarna baza daje dubinu i senzualnost, \u010dine\u0107i ga idealnim za posebne prilike i elegantne ve\u010deri.<\/p>\n","protected":false},"excerpt":{"rendered":"<p>Podsje\u0107a na Noir Extr\u00eame od Tom Ford<\/p>\n","protected":false},"featured_media":15337,"comment_status":"open","ping_status":"closed","template":"","meta":[],"product_brand":[],"product_cat":[4257],"product_tag":[1346],"class_list":{"0":"post-1124","1":"product","2":"type-product","3":"status-publish","4":"has-post-thumbnail","6":"product_cat-tom-ford","7":"product_tag-men","9":"first","10":"instock","11":"shipping-taxable","12":"product-type-simple"},"_links":{"self":[{"href":"https:\/\/divainers.com\/bg\/wp-json\/wp\/v2\/product\/1124","targetHints":{"allow":["GET"]}}],"collection":[{"href":"https:\/\/divainers.com\/bg\/wp-json\/wp\/v2\/product"}],"about":[{"href":"https:\/\/divainers.com\/bg\/wp-json\/wp\/v2\/types\/product"}],"replies":[{"embeddable":true,"href":"https:\/\/divainers.com\/bg\/wp-json\/wp\/v2\/comments?post=1124"}],"wp:featuredmedia":[{"embeddable":true,"href":"https:\/\/divainers.com\/bg\/wp-json\/wp\/v2\/media\/15337"}],"wp:attachment":[{"href":"https:\/\/divainers.com\/bg\/wp-json\/wp\/v2\/media?parent=1124"}],"wp:term":[{"taxonomy":"product_brand","embeddable":true,"href":"https:\/\/divainers.com\/bg\/wp-json\/wp\/v2\/product_brand?post=1124"},{"taxonomy":"product_cat","embeddable":true,"href":"https:\/\/divainers.com\/bg\/wp-json\/wp\/v2\/product_cat?post=1124"},{"taxonomy":"product_tag","embeddable":true,"href":"https:\/\/divainers.com\/bg\/wp-json\/wp\/v2\/product_tag?post=1124"}],"curies":[{"name":"wp","href":"https:\/\/api.w.org\/{rel}","templated":true}]}}