{"id":1161,"date":"2025-01-31T08:33:34","date_gmt":"2025-01-31T07:33:34","guid":{"rendered":"https:\/\/divainers.com\/producto\/divain-862\/"},"modified":"2026-04-30T16:14:47","modified_gmt":"2026-04-30T14:14:47","slug":"divain-862","status":"publish","type":"product","link":"https:\/\/divainers.com\/bg\/producto\/divain-862\/","title":{"rendered":"divain.862"},"content":{"rendered":"<p>Zamislite miris koji budi osjetila za\u010dinjenim i \u017eivahnim po\u010detkom, gdje se mu\u0161katni ora\u0161\u010di\u0107, kurkuma i ru\u017ei\u010dasti papar isprepli\u0107u sa svje\u017einom talijanske mandarine. U srcu, egzoti\u010dna mje\u0161avina bijele ljiljane, ylang-ylanga i ruma donosi zavodljivu senzualnost, dok baza od madagaskarske vanilije, hrasta i smole pru\u017ea toplu i drvenastu podlogu. Ova kompozicija stvara sofisticirani i dominantni miris, savr\u0161en za one koji tra\u017ee parfem koji oda\u0161ilje sna\u017enu i elegantnu prisutnost.<\/p>\n","protected":false},"excerpt":{"rendered":"<p>Podsje\u0107a na Lys Fume od Tom Ford<\/p>\n","protected":false},"featured_media":15808,"comment_status":"open","ping_status":"closed","template":"","meta":[],"product_brand":[],"product_cat":[4265],"product_tag":[1389],"class_list":{"0":"post-1161","1":"product","2":"type-product","3":"status-publish","4":"has-post-thumbnail","6":"product_cat-tom-ford","7":"product_tag-unisex","9":"first","10":"instock","11":"shipping-taxable","12":"product-type-simple"},"_links":{"self":[{"href":"https:\/\/divainers.com\/bg\/wp-json\/wp\/v2\/product\/1161","targetHints":{"allow":["GET"]}}],"collection":[{"href":"https:\/\/divainers.com\/bg\/wp-json\/wp\/v2\/product"}],"about":[{"href":"https:\/\/divainers.com\/bg\/wp-json\/wp\/v2\/types\/product"}],"replies":[{"embeddable":true,"href":"https:\/\/divainers.com\/bg\/wp-json\/wp\/v2\/comments?post=1161"}],"wp:featuredmedia":[{"embeddable":true,"href":"https:\/\/divainers.com\/bg\/wp-json\/wp\/v2\/media\/15808"}],"wp:attachment":[{"href":"https:\/\/divainers.com\/bg\/wp-json\/wp\/v2\/media?parent=1161"}],"wp:term":[{"taxonomy":"product_brand","embeddable":true,"href":"https:\/\/divainers.com\/bg\/wp-json\/wp\/v2\/product_brand?post=1161"},{"taxonomy":"product_cat","embeddable":true,"href":"https:\/\/divainers.com\/bg\/wp-json\/wp\/v2\/product_cat?post=1161"},{"taxonomy":"product_tag","embeddable":true,"href":"https:\/\/divainers.com\/bg\/wp-json\/wp\/v2\/product_tag?post=1161"}],"curies":[{"name":"wp","href":"https:\/\/api.w.org\/{rel}","templated":true}]}}