{"id":1175,"date":"2025-01-31T08:33:36","date_gmt":"2025-01-31T07:33:36","guid":{"rendered":"https:\/\/divainers.com\/producto\/divain-900\/"},"modified":"2026-04-30T16:15:32","modified_gmt":"2026-04-30T14:15:32","slug":"divain-900","status":"publish","type":"product","link":"https:\/\/divainers.com\/bg\/producto\/divain-900\/","title":{"rendered":"divain.900"},"content":{"rendered":"<p>Nje\u017ean i topao miris koji budi osje\u0107aj svje\u017eine i slatko\u0107e u svakoj noti. Od samog po\u010detka razvija se s laganim i citrusnim dodirom, koji se mije\u0161a s nje\u017enim cvjetnim notama poput ljiljka doline i jasmina, stvaraju\u0107i svje\u017eu i prozra\u010dnu stazu, poput blagog povjetarca na sun\u010dan dan. U srcu mirisa, dodir badema i vanilije donosi toplinu koja grije i pru\u017ea utjehu, dok drvenaste note u bazi dodaju suptilan dodir sofisticiranosti. Ovaj miris savr\u0161en je za one koji tra\u017ee lagano i slatko mirisno iskustvo, idealno za svaku priliku, ostavljaju\u0107i svje\u017e i ugodan trag, pun nje\u017enosti i meko\u0107e.<\/p>\n","protected":false},"excerpt":{"rendered":"<p>Podsje\u0107a na Baby Tous od Tous<\/p>\n","protected":false},"featured_media":15839,"comment_status":"open","ping_status":"closed","template":"","meta":[],"product_brand":[],"product_cat":[4535],"product_tag":[4602],"class_list":{"0":"post-1175","1":"product","2":"type-product","3":"status-publish","4":"has-post-thumbnail","6":"product_cat-tous","7":"product_tag-djeca","9":"first","10":"instock","11":"shipping-taxable","12":"product-type-simple"},"_links":{"self":[{"href":"https:\/\/divainers.com\/bg\/wp-json\/wp\/v2\/product\/1175","targetHints":{"allow":["GET"]}}],"collection":[{"href":"https:\/\/divainers.com\/bg\/wp-json\/wp\/v2\/product"}],"about":[{"href":"https:\/\/divainers.com\/bg\/wp-json\/wp\/v2\/types\/product"}],"replies":[{"embeddable":true,"href":"https:\/\/divainers.com\/bg\/wp-json\/wp\/v2\/comments?post=1175"}],"wp:featuredmedia":[{"embeddable":true,"href":"https:\/\/divainers.com\/bg\/wp-json\/wp\/v2\/media\/15839"}],"wp:attachment":[{"href":"https:\/\/divainers.com\/bg\/wp-json\/wp\/v2\/media?parent=1175"}],"wp:term":[{"taxonomy":"product_brand","embeddable":true,"href":"https:\/\/divainers.com\/bg\/wp-json\/wp\/v2\/product_brand?post=1175"},{"taxonomy":"product_cat","embeddable":true,"href":"https:\/\/divainers.com\/bg\/wp-json\/wp\/v2\/product_cat?post=1175"},{"taxonomy":"product_tag","embeddable":true,"href":"https:\/\/divainers.com\/bg\/wp-json\/wp\/v2\/product_tag?post=1175"}],"curies":[{"name":"wp","href":"https:\/\/api.w.org\/{rel}","templated":true}]}}