{"id":1181,"date":"2025-01-31T08:33:36","date_gmt":"2025-01-31T07:33:36","guid":{"rendered":"https:\/\/divainers.com\/producto\/divain-551\/"},"modified":"2026-04-30T16:08:47","modified_gmt":"2026-04-30T14:08:47","slug":"divain-551","status":"publish","type":"product","link":"https:\/\/divainers.com\/bg\/producto\/divain-551\/","title":{"rendered":"divain.551"},"content":{"rendered":"<p>\u017denski i veseo miris koji kombinira svje\u017einu vo\u0107a s elegancijom cvije\u0107a, stvaraju\u0107i vibrantan i sofisticiran parfem. Od samog po\u010detka, vo\u0107na mje\u0161avina jagode, mandarine i naran\u010de donosi so\u010dnu i osvje\u017eavaju\u0107u iskru. U srcu, cvjetni buket jasmina, ru\u017ee i cvijeta naran\u010de spaja se s notom badema, dodaju\u0107i kremasti i nje\u017eni dodir. Na kraju, baza od sandalovine i mo\u0161usa ostavlja topao, mekan i dugotrajan trag. Idealni parfem za one koji tra\u017ee cvjetni, vo\u0107ni i elegantan miris, savr\u0161en za svakodnevnu upotrebu ili posebne prilike pune svje\u017eine i gracioznosti.<\/p>\n","protected":false},"excerpt":{"rendered":"<p>Podsje\u0107a na Valentina Pink od Valentino<\/p>\n","protected":false},"featured_media":15533,"comment_status":"open","ping_status":"closed","template":"","meta":[],"product_brand":[],"product_cat":[4554],"product_tag":[1452],"class_list":{"0":"post-1181","1":"product","2":"type-product","3":"status-publish","4":"has-post-thumbnail","6":"product_cat-valentino","7":"product_tag-sievietes","9":"first","10":"instock","11":"shipping-taxable","12":"product-type-simple"},"_links":{"self":[{"href":"https:\/\/divainers.com\/bg\/wp-json\/wp\/v2\/product\/1181","targetHints":{"allow":["GET"]}}],"collection":[{"href":"https:\/\/divainers.com\/bg\/wp-json\/wp\/v2\/product"}],"about":[{"href":"https:\/\/divainers.com\/bg\/wp-json\/wp\/v2\/types\/product"}],"replies":[{"embeddable":true,"href":"https:\/\/divainers.com\/bg\/wp-json\/wp\/v2\/comments?post=1181"}],"wp:featuredmedia":[{"embeddable":true,"href":"https:\/\/divainers.com\/bg\/wp-json\/wp\/v2\/media\/15533"}],"wp:attachment":[{"href":"https:\/\/divainers.com\/bg\/wp-json\/wp\/v2\/media?parent=1181"}],"wp:term":[{"taxonomy":"product_brand","embeddable":true,"href":"https:\/\/divainers.com\/bg\/wp-json\/wp\/v2\/product_brand?post=1181"},{"taxonomy":"product_cat","embeddable":true,"href":"https:\/\/divainers.com\/bg\/wp-json\/wp\/v2\/product_cat?post=1181"},{"taxonomy":"product_tag","embeddable":true,"href":"https:\/\/divainers.com\/bg\/wp-json\/wp\/v2\/product_tag?post=1181"}],"curies":[{"name":"wp","href":"https:\/\/api.w.org\/{rel}","templated":true}]}}