{"id":1225,"date":"2025-01-31T08:33:42","date_gmt":"2025-01-31T07:33:42","guid":{"rendered":"https:\/\/divainers.com\/producto\/divain-459\/"},"modified":"2026-04-30T16:05:00","modified_gmt":"2026-04-30T14:05:00","slug":"divain-459","status":"publish","type":"product","link":"https:\/\/divainers.com\/bg\/producto\/divain-459\/","title":{"rendered":"divain.459"},"content":{"rendered":"<p>Intenzivan i sofisticiran miris koji redefinira eleganciju spajanjem vibrantne svje\u017eine i obavijaju\u0107e dubine. Od prvog trenutka, eksplozija so\u010dne jabuke i aromati\u010dne lavande budi osjetila energijom i profinjeno\u0161\u0107u. U srcu, geranij i tonka grah donose topao i zarazan dodir, uravnote\u017euju\u0107i kompoziciju s profinjenom senzualno\u0161\u0107u. Na kraju, drvenasti i jantarni trag s notama tamjana i vanilije ostavlja sna\u017ean, magnetski i dugotrajan dojam. Odva\u017ean i elegantan parfem, idealan za one koji tra\u017ee sofisticirani, moderni miris s nezaboravnim prisustvom.<\/p>\n","protected":false},"excerpt":{"rendered":"<p>Podsje\u0107a na Y Elixir od Yves Saint Laurent<\/p>\n","protected":false},"featured_media":15468,"comment_status":"open","ping_status":"closed","template":"","meta":[],"product_brand":[],"product_cat":[2243],"product_tag":[1370],"class_list":{"0":"post-1225","1":"product","2":"type-product","3":"status-publish","4":"has-post-thumbnail","6":"product_cat-yves-saint-laurent","7":"product_tag-uomo","9":"first","10":"instock","11":"shipping-taxable","12":"product-type-simple"},"_links":{"self":[{"href":"https:\/\/divainers.com\/bg\/wp-json\/wp\/v2\/product\/1225","targetHints":{"allow":["GET"]}}],"collection":[{"href":"https:\/\/divainers.com\/bg\/wp-json\/wp\/v2\/product"}],"about":[{"href":"https:\/\/divainers.com\/bg\/wp-json\/wp\/v2\/types\/product"}],"replies":[{"embeddable":true,"href":"https:\/\/divainers.com\/bg\/wp-json\/wp\/v2\/comments?post=1225"}],"wp:featuredmedia":[{"embeddable":true,"href":"https:\/\/divainers.com\/bg\/wp-json\/wp\/v2\/media\/15468"}],"wp:attachment":[{"href":"https:\/\/divainers.com\/bg\/wp-json\/wp\/v2\/media?parent=1225"}],"wp:term":[{"taxonomy":"product_brand","embeddable":true,"href":"https:\/\/divainers.com\/bg\/wp-json\/wp\/v2\/product_brand?post=1225"},{"taxonomy":"product_cat","embeddable":true,"href":"https:\/\/divainers.com\/bg\/wp-json\/wp\/v2\/product_cat?post=1225"},{"taxonomy":"product_tag","embeddable":true,"href":"https:\/\/divainers.com\/bg\/wp-json\/wp\/v2\/product_tag?post=1225"}],"curies":[{"name":"wp","href":"https:\/\/api.w.org\/{rel}","templated":true}]}}