{"id":372,"date":"2025-01-31T08:31:55","date_gmt":"2025-01-31T07:31:55","guid":{"rendered":"https:\/\/divainers.com\/producto\/divain-239\/"},"modified":"2026-04-30T16:21:11","modified_gmt":"2026-04-30T14:21:11","slug":"divain-239","status":"publish","type":"product","link":"https:\/\/divainers.com\/bg\/producto\/divain-239\/","title":{"rendered":"divain.239"},"content":{"rendered":"<p>Wood Essence od Bvlgari je sofistikovan\u00e1 v\u016fn\u011b, kter\u00e1 zachycuje podstatu p\u0159\u00edrody prost\u0159ednictv\u00edm dokonal\u00e9 kombinace sv\u011b\u017eesti a tepla. Jej\u00ed \u00favod je osv\u011b\u017euj\u00edc\u00ed a \u017eiv\u00fd, s t\u00f3ny bergamotu a koriandru, kter\u00e9 probouzej\u00ed smysly. Jak se vyv\u00edj\u00ed, srdce odhaluje d\u0159evitou sm\u011bs cedru, vetiveru a smrku, p\u0159in\u00e1\u0161ej\u00edc\u00ed pocit elegantn\u00ed zemit\u00e9 bohatosti. Z\u00e1klad s n\u00e1dechem prysky\u0159ic a balzamick\u00fdch t\u00f3n\u016f dod\u00e1v\u00e1 hloubku a komplexnost, vytv\u00e1\u0159\u00ed teplou a \u00fatulnou stopu. Tato v\u016fn\u011b je ur\u010dena modern\u00edmu mu\u017ei, kter\u00fd oce\u0148uje sv\u011b\u017eest p\u0159\u00edrody a sofistikovanost, ide\u00e1ln\u00ed pro ka\u017edodenn\u00ed no\u0161en\u00ed nebo zvl\u00e1\u0161tn\u00ed p\u0159\u00edle\u017eitosti vy\u017eaduj\u00edc\u00ed n\u00e1dech v\u00fdjime\u010dnosti.<\/p>\n","protected":false},"excerpt":{"rendered":"<p>P\u0159ipom\u00edn\u00e1 Wood Essence od Bvlgari<\/p>\n","protected":false},"featured_media":15937,"comment_status":"open","ping_status":"closed","template":"","meta":[],"product_brand":[],"product_cat":[1938],"product_tag":[1341],"class_list":{"0":"post-372","1":"product","2":"type-product","3":"status-publish","4":"has-post-thumbnail","6":"product_cat-bvlgari","7":"product_tag-muzi","9":"first","10":"instock","11":"shipping-taxable","12":"product-type-simple"},"_links":{"self":[{"href":"https:\/\/divainers.com\/bg\/wp-json\/wp\/v2\/product\/372","targetHints":{"allow":["GET"]}}],"collection":[{"href":"https:\/\/divainers.com\/bg\/wp-json\/wp\/v2\/product"}],"about":[{"href":"https:\/\/divainers.com\/bg\/wp-json\/wp\/v2\/types\/product"}],"replies":[{"embeddable":true,"href":"https:\/\/divainers.com\/bg\/wp-json\/wp\/v2\/comments?post=372"}],"wp:featuredmedia":[{"embeddable":true,"href":"https:\/\/divainers.com\/bg\/wp-json\/wp\/v2\/media\/15937"}],"wp:attachment":[{"href":"https:\/\/divainers.com\/bg\/wp-json\/wp\/v2\/media?parent=372"}],"wp:term":[{"taxonomy":"product_brand","embeddable":true,"href":"https:\/\/divainers.com\/bg\/wp-json\/wp\/v2\/product_brand?post=372"},{"taxonomy":"product_cat","embeddable":true,"href":"https:\/\/divainers.com\/bg\/wp-json\/wp\/v2\/product_cat?post=372"},{"taxonomy":"product_tag","embeddable":true,"href":"https:\/\/divainers.com\/bg\/wp-json\/wp\/v2\/product_tag?post=372"}],"curies":[{"name":"wp","href":"https:\/\/api.w.org\/{rel}","templated":true}]}}