{"id":374,"date":"2025-01-31T08:31:55","date_gmt":"2025-01-31T07:31:55","guid":{"rendered":"https:\/\/divainers.com\/producto\/divain-400\/"},"modified":"2026-04-30T16:21:13","modified_gmt":"2026-04-30T14:21:13","slug":"divain-400","status":"publish","type":"product","link":"https:\/\/divainers.com\/bg\/producto\/divain-400\/","title":{"rendered":"divain.400"},"content":{"rendered":"<p>Vodn\u00ed a sv\u011b\u017e\u00ed v\u016fn\u011b, kter\u00e1 evokuje \u010distotu de\u0161t\u011b na zemi, s \u017eiv\u00fdmi citrusov\u00fdmi t\u00f3ny, miner\u00e1ln\u00edmi akordy a jemn\u00fdm d\u0159evit\u00fdm z\u00e1kladem. Jej\u00ed esence zachycuje osv\u011b\u017euj\u00edc\u00ed pocit tekouc\u00ed vody a p\u0159in\u00e1\u0161\u00ed \u010distou a sofistikovanou energii.<\/p>\n","protected":false},"excerpt":{"rendered":"<p>P\u0159ipom\u00edn\u00e1 Bvlgari Man Rain Essence od Bvlgari<\/p>\n","protected":false},"featured_media":15939,"comment_status":"open","ping_status":"closed","template":"","meta":[],"product_brand":[],"product_cat":[1938],"product_tag":[1366],"class_list":{"0":"post-374","1":"product","2":"type-product","3":"status-publish","4":"has-post-thumbnail","6":"product_cat-bvlgari","7":"product_tag-vyrai","9":"first","10":"instock","11":"shipping-taxable","12":"product-type-simple"},"_links":{"self":[{"href":"https:\/\/divainers.com\/bg\/wp-json\/wp\/v2\/product\/374","targetHints":{"allow":["GET"]}}],"collection":[{"href":"https:\/\/divainers.com\/bg\/wp-json\/wp\/v2\/product"}],"about":[{"href":"https:\/\/divainers.com\/bg\/wp-json\/wp\/v2\/types\/product"}],"replies":[{"embeddable":true,"href":"https:\/\/divainers.com\/bg\/wp-json\/wp\/v2\/comments?post=374"}],"wp:featuredmedia":[{"embeddable":true,"href":"https:\/\/divainers.com\/bg\/wp-json\/wp\/v2\/media\/15939"}],"wp:attachment":[{"href":"https:\/\/divainers.com\/bg\/wp-json\/wp\/v2\/media?parent=374"}],"wp:term":[{"taxonomy":"product_brand","embeddable":true,"href":"https:\/\/divainers.com\/bg\/wp-json\/wp\/v2\/product_brand?post=374"},{"taxonomy":"product_cat","embeddable":true,"href":"https:\/\/divainers.com\/bg\/wp-json\/wp\/v2\/product_cat?post=374"},{"taxonomy":"product_tag","embeddable":true,"href":"https:\/\/divainers.com\/bg\/wp-json\/wp\/v2\/product_tag?post=374"}],"curies":[{"name":"wp","href":"https:\/\/api.w.org\/{rel}","templated":true}]}}