{"id":385,"date":"2025-01-31T08:31:57","date_gmt":"2025-01-31T07:31:57","guid":{"rendered":"https:\/\/divainers.com\/producto\/divain-908\/"},"modified":"2026-04-30T16:21:28","modified_gmt":"2026-04-30T14:21:28","slug":"divain-908","status":"publish","type":"product","link":"https:\/\/divainers.com\/bg\/producto\/divain-908\/","title":{"rendered":"divain.908"},"content":{"rendered":"<p>\u010cerstv\u00e1, sofistikovan\u00e1 a \u017eiv\u00e1 v\u016fn\u011b, kter\u00e1 zachycuje podstatu modernosti a luxusu. Od prvn\u00edho doteku exploduj\u00ed citrusov\u00e9 t\u00f3ny citronu a bergamotu, kter\u00e9 se prol\u00ednaj\u00ed s osv\u011b\u017euj\u00edc\u00edm pocitem evokuj\u00edc\u00edm chlad ledu. Jak se v\u016fn\u011b rozv\u00edj\u00ed, vodn\u00ed t\u00f3ny a bazalka p\u0159in\u00e1\u0161ej\u00ed zelenou a p\u0159irozenou jemnost, zat\u00edmco jemn\u00fd n\u00e1dech vodky a pi\u017ema dod\u00e1v\u00e1 zaj\u00edmav\u00fd a sou\u010dasn\u00fd n\u00e1dech. Z\u00e1klad s dotekem cedru a vetiveru dod\u00e1v\u00e1 teplou a zemitou hloubku, kter\u00e1 dokonale vyva\u017euje po\u010d\u00e1te\u010dn\u00ed sv\u011b\u017eest. Tato v\u016fn\u011b je ide\u00e1ln\u00ed pro ty, kte\u0159\u00ed hledaj\u00ed jedine\u010dn\u00fd, \u010dist\u00fd a sofistikovan\u00fd parf\u00e9m, kter\u00fd zanech\u00e1v\u00e1 stopu ledov\u00e9 sv\u011b\u017eesti a modern\u00ed elegance.<\/p>\n","protected":false},"excerpt":{"rendered":"<p>P\u0159ipom\u00edn\u00e1 vodka on the rocks od by Kilian<\/p>\n","protected":false},"featured_media":15950,"comment_status":"open","ping_status":"closed","template":"","meta":[],"product_brand":[],"product_cat":[1951],"product_tag":[1389],"class_list":{"0":"post-385","1":"product","2":"type-product","3":"status-publish","4":"has-post-thumbnail","6":"product_cat-by-kilian","7":"product_tag-unisex","9":"first","10":"instock","11":"shipping-taxable","12":"product-type-simple"},"_links":{"self":[{"href":"https:\/\/divainers.com\/bg\/wp-json\/wp\/v2\/product\/385","targetHints":{"allow":["GET"]}}],"collection":[{"href":"https:\/\/divainers.com\/bg\/wp-json\/wp\/v2\/product"}],"about":[{"href":"https:\/\/divainers.com\/bg\/wp-json\/wp\/v2\/types\/product"}],"replies":[{"embeddable":true,"href":"https:\/\/divainers.com\/bg\/wp-json\/wp\/v2\/comments?post=385"}],"wp:featuredmedia":[{"embeddable":true,"href":"https:\/\/divainers.com\/bg\/wp-json\/wp\/v2\/media\/15950"}],"wp:attachment":[{"href":"https:\/\/divainers.com\/bg\/wp-json\/wp\/v2\/media?parent=385"}],"wp:term":[{"taxonomy":"product_brand","embeddable":true,"href":"https:\/\/divainers.com\/bg\/wp-json\/wp\/v2\/product_brand?post=385"},{"taxonomy":"product_cat","embeddable":true,"href":"https:\/\/divainers.com\/bg\/wp-json\/wp\/v2\/product_cat?post=385"},{"taxonomy":"product_tag","embeddable":true,"href":"https:\/\/divainers.com\/bg\/wp-json\/wp\/v2\/product_tag?post=385"}],"curies":[{"name":"wp","href":"https:\/\/api.w.org\/{rel}","templated":true}]}}