{"id":417,"date":"2025-01-31T08:32:00","date_gmt":"2025-01-31T07:32:00","guid":{"rendered":"https:\/\/divainers.com\/producto\/divain-523\/"},"modified":"2026-03-16T16:07:20","modified_gmt":"2026-03-16T15:07:20","slug":"divain-523","status":"publish","type":"product","link":"https:\/\/divainers.com\/bg\/producto\/divain-523\/","title":{"rendered":"divain.523"},"content":{"rendered":"<p>Un aroma dulce y atrevido que evoca una sensaci\u00f3n de pasi\u00f3n y misterio. Desde la apertura, una explosi\u00f3n frutal de cereza y pomelo despierta los sentidos con una frescura jugosa y chispeante. En su coraz\u00f3n, un delicado bouquet floral de jazm\u00edn, rosa y lirio de los valles se mezcla con un toque especiado de pachul\u00ed, creando una feminidad sensual y envolvente. Finalmente, un fondo c\u00e1lido de vainilla, almizcle y s\u00e1ndalo deja una estela adictiva, suave y sofisticada. Un perfume juvenil y seductor, ideal para quienes buscan una fragancia dulce, floral y con un toque de tentaci\u00f3n irresistible.<\/p>\n","protected":false},"excerpt":{"rendered":"<p>Recuerda a Amor Amor Forbidden Kiss de Cacharel<\/p>\n","protected":false},"featured_media":2929,"comment_status":"open","ping_status":"closed","template":"","meta":[],"product_brand":[],"product_cat":[2070],"product_tag":[1456],"class_list":{"0":"post-417","1":"product","2":"type-product","3":"status-publish","4":"has-post-thumbnail","6":"product_cat-cacharel","7":"product_tag-1456","9":"first","10":"instock","11":"shipping-taxable","12":"product-type-simple"},"_links":{"self":[{"href":"https:\/\/divainers.com\/bg\/wp-json\/wp\/v2\/product\/417","targetHints":{"allow":["GET"]}}],"collection":[{"href":"https:\/\/divainers.com\/bg\/wp-json\/wp\/v2\/product"}],"about":[{"href":"https:\/\/divainers.com\/bg\/wp-json\/wp\/v2\/types\/product"}],"replies":[{"embeddable":true,"href":"https:\/\/divainers.com\/bg\/wp-json\/wp\/v2\/comments?post=417"}],"wp:featuredmedia":[{"embeddable":true,"href":"https:\/\/divainers.com\/bg\/wp-json\/wp\/v2\/media\/2929"}],"wp:attachment":[{"href":"https:\/\/divainers.com\/bg\/wp-json\/wp\/v2\/media?parent=417"}],"wp:term":[{"taxonomy":"product_brand","embeddable":true,"href":"https:\/\/divainers.com\/bg\/wp-json\/wp\/v2\/product_brand?post=417"},{"taxonomy":"product_cat","embeddable":true,"href":"https:\/\/divainers.com\/bg\/wp-json\/wp\/v2\/product_cat?post=417"},{"taxonomy":"product_tag","embeddable":true,"href":"https:\/\/divainers.com\/bg\/wp-json\/wp\/v2\/product_tag?post=417"}],"curies":[{"name":"wp","href":"https:\/\/api.w.org\/{rel}","templated":true}]}}