{"id":466,"date":"2025-01-31T08:32:06","date_gmt":"2025-01-31T07:32:06","guid":{"rendered":"https:\/\/divainers.com\/producto\/divain-565\/"},"modified":"2026-03-16T16:07:24","modified_gmt":"2026-03-16T15:07:24","slug":"divain-565","status":"publish","type":"product","link":"https:\/\/divainers.com\/bg\/producto\/divain-565\/","title":{"rendered":"divain.565"},"content":{"rendered":"<p>Un aroma fresco, luminoso y energizante que captura la esencia de la elegancia desenfadada y natural. Desde la apertura, una combinaci\u00f3n de c\u00edtricos como lim\u00f3n, mandarina y pomelo crea una frescura chispeante que despierta los sentidos. En su coraz\u00f3n, el jazm\u00edn y la flor de azahar aportan una suavidad floral delicada, mientras que las notas verdes de vetiver y pachul\u00ed en el fondo a\u00f1aden una base terrosa y elegante que equilibra la frescura de la fragancia. Un perfume ideal para quienes buscan una fragancia ligera, fresca y floral, perfecta para el d\u00eda a d\u00eda o para momentos en los que se desea una sensaci\u00f3n de frescura y sofisticaci\u00f3n sin ser abrumadora.<\/p>\n","protected":false},"excerpt":{"rendered":"<p>Recuerda a Eau fraiche de Chanel<\/p>\n","protected":false},"featured_media":2964,"comment_status":"open","ping_status":"closed","template":"","meta":[],"product_brand":[],"product_cat":[2123],"product_tag":[1432],"class_list":{"0":"post-466","1":"product","2":"type-product","3":"status-publish","4":"has-post-thumbnail","6":"product_cat-chanel","7":"product_tag-naised","9":"first","10":"instock","11":"shipping-taxable","12":"product-type-simple"},"_links":{"self":[{"href":"https:\/\/divainers.com\/bg\/wp-json\/wp\/v2\/product\/466","targetHints":{"allow":["GET"]}}],"collection":[{"href":"https:\/\/divainers.com\/bg\/wp-json\/wp\/v2\/product"}],"about":[{"href":"https:\/\/divainers.com\/bg\/wp-json\/wp\/v2\/types\/product"}],"replies":[{"embeddable":true,"href":"https:\/\/divainers.com\/bg\/wp-json\/wp\/v2\/comments?post=466"}],"wp:featuredmedia":[{"embeddable":true,"href":"https:\/\/divainers.com\/bg\/wp-json\/wp\/v2\/media\/2964"}],"wp:attachment":[{"href":"https:\/\/divainers.com\/bg\/wp-json\/wp\/v2\/media?parent=466"}],"wp:term":[{"taxonomy":"product_brand","embeddable":true,"href":"https:\/\/divainers.com\/bg\/wp-json\/wp\/v2\/product_brand?post=466"},{"taxonomy":"product_cat","embeddable":true,"href":"https:\/\/divainers.com\/bg\/wp-json\/wp\/v2\/product_cat?post=466"},{"taxonomy":"product_tag","embeddable":true,"href":"https:\/\/divainers.com\/bg\/wp-json\/wp\/v2\/product_tag?post=466"}],"curies":[{"name":"wp","href":"https:\/\/api.w.org\/{rel}","templated":true}]}}