{"id":524,"date":"2025-01-31T08:32:13","date_gmt":"2025-01-31T07:32:13","guid":{"rendered":"https:\/\/divainers.com\/producto\/divain-569\/"},"modified":"2026-03-16T16:07:29","modified_gmt":"2026-03-16T15:07:29","slug":"divain-569","status":"publish","type":"product","link":"https:\/\/divainers.com\/bg\/producto\/divain-569\/","title":{"rendered":"divain.569"},"content":{"rendered":"<p>Un aroma fresco, ligero y rom\u00e1ntico que captura la esencia de un jard\u00edn en plena floraci\u00f3n. Desde la apertura, una combinaci\u00f3n vibrante de mandarina y melocot\u00f3n aporta una dulzura afrutada que se mezcla perfectamente con la delicadeza de la flor de cerezo. En su coraz\u00f3n, el peon\u00eda y el jazm\u00edn crean una suavidad floral y aireada, evocando una sensaci\u00f3n de ligereza y frescura. Finalmente, un fondo suave de almizcle blanco y madera de cedro deja una estela c\u00e1lida y refinada que equilibra las notas florales. Un perfume ideal para quienes buscan una fragancia floral, afrutada y ligera, perfecta para el d\u00eda a d\u00eda o para aquellos momentos en los que se desea transmitir una sensaci\u00f3n de elegancia y frescura.<\/p>\n","protected":false},"excerpt":{"rendered":"<p>Recuerda a Miss Dior Blooming Bouquet de Dior<\/p>\n","protected":false},"featured_media":2967,"comment_status":"open","ping_status":"closed","template":"","meta":[],"product_brand":[],"product_cat":[246],"product_tag":[38],"class_list":{"0":"post-524","1":"product","2":"type-product","3":"status-publish","4":"has-post-thumbnail","6":"product_cat-dior","7":"product_tag-mujer","9":"first","10":"instock","11":"shipping-taxable","12":"product-type-simple"},"_links":{"self":[{"href":"https:\/\/divainers.com\/bg\/wp-json\/wp\/v2\/product\/524","targetHints":{"allow":["GET"]}}],"collection":[{"href":"https:\/\/divainers.com\/bg\/wp-json\/wp\/v2\/product"}],"about":[{"href":"https:\/\/divainers.com\/bg\/wp-json\/wp\/v2\/types\/product"}],"replies":[{"embeddable":true,"href":"https:\/\/divainers.com\/bg\/wp-json\/wp\/v2\/comments?post=524"}],"wp:featuredmedia":[{"embeddable":true,"href":"https:\/\/divainers.com\/bg\/wp-json\/wp\/v2\/media\/2967"}],"wp:attachment":[{"href":"https:\/\/divainers.com\/bg\/wp-json\/wp\/v2\/media?parent=524"}],"wp:term":[{"taxonomy":"product_brand","embeddable":true,"href":"https:\/\/divainers.com\/bg\/wp-json\/wp\/v2\/product_brand?post=524"},{"taxonomy":"product_cat","embeddable":true,"href":"https:\/\/divainers.com\/bg\/wp-json\/wp\/v2\/product_cat?post=524"},{"taxonomy":"product_tag","embeddable":true,"href":"https:\/\/divainers.com\/bg\/wp-json\/wp\/v2\/product_tag?post=524"}],"curies":[{"name":"wp","href":"https:\/\/api.w.org\/{rel}","templated":true}]}}