{"id":725,"date":"2025-01-31T08:32:38","date_gmt":"2025-01-31T07:32:38","guid":{"rendered":"https:\/\/divainers.com\/producto\/divain-522\/"},"modified":"2026-03-16T16:07:45","modified_gmt":"2026-03-16T15:07:45","slug":"divain-522","status":"publish","type":"product","link":"https:\/\/divainers.com\/bg\/producto\/divain-522\/","title":{"rendered":"divain.522"},"content":{"rendered":"<p>Un aroma sensual y envolvente que celebra la feminidad con un toque atrevido y seductor. Desde la apertura, una explosi\u00f3n jugosa de grosella negra, mandarina y pera despierta los sentidos con una dulzura vibrante y chispeante. En su coraz\u00f3n, un bouquet c\u00e1lido de jengibre, fresia y flor de hibisco aporta una profundidad especiada y ex\u00f3tica. Finalmente, un fondo adictivo de vainilla, s\u00e1ndalo y almizcle deja una estela cremosa, intensa y sofisticada. Un perfume audaz y magn\u00e9tico, ideal para quienes buscan una fragancia c\u00e1lida, intensa y con un car\u00e1cter profundamente seductor.<\/p>\n","protected":false},"excerpt":{"rendered":"<p>Recuerda a Deep Red de Hugo Boss<\/p>\n","protected":false},"featured_media":2928,"comment_status":"open","ping_status":"closed","template":"","meta":[],"product_brand":[],"product_cat":[469],"product_tag":[1420],"class_list":{"0":"post-725","1":"product","2":"type-product","3":"status-publish","4":"has-post-thumbnail","6":"product_cat-hugo-boss","7":"product_tag-frauen","9":"first","10":"instock","11":"shipping-taxable","12":"product-type-simple"},"_links":{"self":[{"href":"https:\/\/divainers.com\/bg\/wp-json\/wp\/v2\/product\/725","targetHints":{"allow":["GET"]}}],"collection":[{"href":"https:\/\/divainers.com\/bg\/wp-json\/wp\/v2\/product"}],"about":[{"href":"https:\/\/divainers.com\/bg\/wp-json\/wp\/v2\/types\/product"}],"replies":[{"embeddable":true,"href":"https:\/\/divainers.com\/bg\/wp-json\/wp\/v2\/comments?post=725"}],"wp:featuredmedia":[{"embeddable":true,"href":"https:\/\/divainers.com\/bg\/wp-json\/wp\/v2\/media\/2928"}],"wp:attachment":[{"href":"https:\/\/divainers.com\/bg\/wp-json\/wp\/v2\/media?parent=725"}],"wp:term":[{"taxonomy":"product_brand","embeddable":true,"href":"https:\/\/divainers.com\/bg\/wp-json\/wp\/v2\/product_brand?post=725"},{"taxonomy":"product_cat","embeddable":true,"href":"https:\/\/divainers.com\/bg\/wp-json\/wp\/v2\/product_cat?post=725"},{"taxonomy":"product_tag","embeddable":true,"href":"https:\/\/divainers.com\/bg\/wp-json\/wp\/v2\/product_tag?post=725"}],"curies":[{"name":"wp","href":"https:\/\/api.w.org\/{rel}","templated":true}]}}