{"id":885,"date":"2025-01-31T08:32:57","date_gmt":"2025-01-31T07:32:57","guid":{"rendered":"https:\/\/divainers.com\/producto\/divain-460\/"},"modified":"2026-03-16T16:08:01","modified_gmt":"2026-03-16T15:08:01","slug":"divain-460","status":"publish","type":"product","link":"https:\/\/divainers.com\/bg\/producto\/divain-460\/","title":{"rendered":"divain.460"},"content":{"rendered":"<p>Un aroma refrescante y revitalizante que captura la brisa del oc\u00e9ano y la serenidad de un amanecer junto al mar. Desde el primer instante, una explosi\u00f3n de c\u00edtricos vibrantes y grosella negra despierta los sentidos con una frescura luminosa y energizante. En su coraz\u00f3n, notas herbales y arom\u00e1ticas, como el cilantro y la menta, aportan un aire relajante y natural, evocando la calma de la costa. Finalmente, un fondo almizclado y amaderado envuelve la piel con una sensaci\u00f3n limpia, sofisticada y duradera. Un perfume revitalizante y elegante, ideal para quienes buscan una fragancia refrescante, moderna y con un esp\u00edritu libre.<\/p>\n","protected":false},"excerpt":{"rendered":"<p>Recuerda a Pacific Chill de Louis Vuitton<\/p>\n","protected":false},"featured_media":2903,"comment_status":"open","ping_status":"closed","template":"","meta":[],"product_brand":[],"product_cat":[651],"product_tag":[29],"class_list":{"0":"post-885","1":"product","2":"type-product","3":"status-publish","4":"has-post-thumbnail","6":"product_cat-louis-vuitton","7":"product_tag-unisex","9":"first","10":"instock","11":"shipping-taxable","12":"product-type-simple"},"_links":{"self":[{"href":"https:\/\/divainers.com\/bg\/wp-json\/wp\/v2\/product\/885","targetHints":{"allow":["GET"]}}],"collection":[{"href":"https:\/\/divainers.com\/bg\/wp-json\/wp\/v2\/product"}],"about":[{"href":"https:\/\/divainers.com\/bg\/wp-json\/wp\/v2\/types\/product"}],"replies":[{"embeddable":true,"href":"https:\/\/divainers.com\/bg\/wp-json\/wp\/v2\/comments?post=885"}],"wp:featuredmedia":[{"embeddable":true,"href":"https:\/\/divainers.com\/bg\/wp-json\/wp\/v2\/media\/2903"}],"wp:attachment":[{"href":"https:\/\/divainers.com\/bg\/wp-json\/wp\/v2\/media?parent=885"}],"wp:term":[{"taxonomy":"product_brand","embeddable":true,"href":"https:\/\/divainers.com\/bg\/wp-json\/wp\/v2\/product_brand?post=885"},{"taxonomy":"product_cat","embeddable":true,"href":"https:\/\/divainers.com\/bg\/wp-json\/wp\/v2\/product_cat?post=885"},{"taxonomy":"product_tag","embeddable":true,"href":"https:\/\/divainers.com\/bg\/wp-json\/wp\/v2\/product_tag?post=885"}],"curies":[{"name":"wp","href":"https:\/\/api.w.org\/{rel}","templated":true}]}}