{"id":910,"date":"2025-01-31T08:33:01","date_gmt":"2025-01-31T07:33:01","guid":{"rendered":"https:\/\/divainers.com\/producto\/divain-856\/"},"modified":"2026-03-16T16:08:03","modified_gmt":"2026-03-16T15:08:03","slug":"divain-856","status":"publish","type":"product","link":"https:\/\/divainers.com\/bg\/producto\/divain-856\/","title":{"rendered":"divain.856"},"content":{"rendered":"<p>\u200b<span class=\"relative -mx-px my-[-0.2rem] rounded px-px py-[0.2rem]\">Esta fragancia unisex combina notas de rosa b\u00falgara, violeta y fresa en su apertura, creando una sensaci\u00f3n floral y afrutada.<\/span> <span class=\"relative -mx-px my-[-0.2rem] rounded px-px py-[0.2rem]\">En el coraz\u00f3n, la rosa turca a\u00f1ade una profundidad floral, mientras que la base de madera de oud, vainilla, \u00e1mbar, benju\u00ed, cedro y caramelo aporta calidez y complejidad.<\/span> <span class=\"relative -mx-px my-[-0.2rem] rounded px-px py-[0.2rem]\">Ideal para quienes buscan una esencia lujosa y envolvente que combine notas florales y amaderadas de manera armoniosa.<\/span><\/p>\n","protected":false},"excerpt":{"rendered":"<p>Recuerda a Oud satin mood de Maison Francis Kurkdjian<\/p>\n","protected":false},"featured_media":3133,"comment_status":"open","ping_status":"closed","template":"","meta":[],"product_brand":[],"product_cat":[682],"product_tag":[1413],"class_list":{"0":"post-910","1":"product","2":"type-product","3":"status-publish","4":"has-post-thumbnail","6":"product_cat-maison-francis-kurkdjian","7":"product_tag-1413","9":"first","10":"instock","11":"shipping-taxable","12":"product-type-simple"},"_links":{"self":[{"href":"https:\/\/divainers.com\/bg\/wp-json\/wp\/v2\/product\/910","targetHints":{"allow":["GET"]}}],"collection":[{"href":"https:\/\/divainers.com\/bg\/wp-json\/wp\/v2\/product"}],"about":[{"href":"https:\/\/divainers.com\/bg\/wp-json\/wp\/v2\/types\/product"}],"replies":[{"embeddable":true,"href":"https:\/\/divainers.com\/bg\/wp-json\/wp\/v2\/comments?post=910"}],"wp:featuredmedia":[{"embeddable":true,"href":"https:\/\/divainers.com\/bg\/wp-json\/wp\/v2\/media\/3133"}],"wp:attachment":[{"href":"https:\/\/divainers.com\/bg\/wp-json\/wp\/v2\/media?parent=910"}],"wp:term":[{"taxonomy":"product_brand","embeddable":true,"href":"https:\/\/divainers.com\/bg\/wp-json\/wp\/v2\/product_brand?post=910"},{"taxonomy":"product_cat","embeddable":true,"href":"https:\/\/divainers.com\/bg\/wp-json\/wp\/v2\/product_cat?post=910"},{"taxonomy":"product_tag","embeddable":true,"href":"https:\/\/divainers.com\/bg\/wp-json\/wp\/v2\/product_tag?post=910"}],"curies":[{"name":"wp","href":"https:\/\/api.w.org\/{rel}","templated":true}]}}