{"id":924,"date":"2025-01-31T08:33:03","date_gmt":"2025-01-31T07:33:03","guid":{"rendered":"https:\/\/divainers.com\/producto\/divain-738\/"},"modified":"2026-03-16T16:08:05","modified_gmt":"2026-03-16T15:08:05","slug":"divain-738","status":"publish","type":"product","link":"https:\/\/divainers.com\/bg\/producto\/divain-738\/","title":{"rendered":"divain.738"},"content":{"rendered":"<p>Es una fragancia c\u00e1lida, dulce y envolvente que combina la suavidad de las vainillas con un toque de sofisticaci\u00f3n. En sus primeras notas, se percibe una deliciosa mezcla de vainilla, \u00e1mbar y flores, que le dan un car\u00e1cter dulce y acogedor. A medida que se desarrolla, las notas de pralin\u00e9 y almendra aportan una dimensi\u00f3n cremoso-dulce, mientras que el fondo de s\u00e1ndalo y cedro aporta profundidad y calidez. Es una fragancia lujosa y reconfortante, ideal para quienes disfrutan de perfumes gourmands que son al mismo tiempo refinados y envolventes.<\/p>\n","protected":false},"excerpt":{"rendered":"<p>Recuerda a Velvet Vanilla de Mancera<\/p>\n","protected":false},"featured_media":3046,"comment_status":"open","ping_status":"closed","template":"","meta":[],"product_brand":[],"product_cat":[695],"product_tag":[1377],"class_list":{"0":"post-924","1":"product","2":"type-product","3":"status-publish","4":"has-post-thumbnail","6":"product_cat-mancera","7":"product_tag-uniseks","9":"first","10":"instock","11":"shipping-taxable","12":"product-type-simple"},"_links":{"self":[{"href":"https:\/\/divainers.com\/bg\/wp-json\/wp\/v2\/product\/924","targetHints":{"allow":["GET"]}}],"collection":[{"href":"https:\/\/divainers.com\/bg\/wp-json\/wp\/v2\/product"}],"about":[{"href":"https:\/\/divainers.com\/bg\/wp-json\/wp\/v2\/types\/product"}],"replies":[{"embeddable":true,"href":"https:\/\/divainers.com\/bg\/wp-json\/wp\/v2\/comments?post=924"}],"wp:featuredmedia":[{"embeddable":true,"href":"https:\/\/divainers.com\/bg\/wp-json\/wp\/v2\/media\/3046"}],"wp:attachment":[{"href":"https:\/\/divainers.com\/bg\/wp-json\/wp\/v2\/media?parent=924"}],"wp:term":[{"taxonomy":"product_brand","embeddable":true,"href":"https:\/\/divainers.com\/bg\/wp-json\/wp\/v2\/product_brand?post=924"},{"taxonomy":"product_cat","embeddable":true,"href":"https:\/\/divainers.com\/bg\/wp-json\/wp\/v2\/product_cat?post=924"},{"taxonomy":"product_tag","embeddable":true,"href":"https:\/\/divainers.com\/bg\/wp-json\/wp\/v2\/product_tag?post=924"}],"curies":[{"name":"wp","href":"https:\/\/api.w.org\/{rel}","templated":true}]}}