{"id":9632,"date":"2025-08-14T10:58:56","date_gmt":"2025-08-14T08:58:56","guid":{"rendered":"https:\/\/divainers.com\/producto\/divain-802\/"},"modified":"2025-08-14T10:58:56","modified_gmt":"2025-08-14T08:58:56","slug":"divain-802","status":"publish","type":"product","link":"https:\/\/divainers.com\/bg\/producto\/divain-802\/","title":{"rendered":"divain.802"},"content":{"rendered":"<p>Envuelve en una nube dulce y esponjosa que recuerda a la diversi\u00f3n despreocupada de una feria. Su aroma goloso y delicado transmite alegr\u00eda, ternura y un toque juguet\u00f3n, perfecto para quienes buscan una fragancia que despierte sonrisas y momentos felices.<\/p>\n","protected":false},"excerpt":{"rendered":"<p data-pm-slice=\"1 1 []\">Recuerda a divain. Cotton Candy de divain.\u00ae Monofragancias<\/p>\n","protected":false},"featured_media":3974,"comment_status":"open","ping_status":"closed","template":"","meta":[],"product_brand":[],"product_cat":[2430],"product_tag":[],"class_list":{"0":"post-9632","1":"product","2":"type-product","3":"status-publish","4":"has-post-thumbnail","6":"product_cat-divain-monofragancias","8":"first","9":"instock","10":"shipping-taxable","11":"product-type-simple"},"_links":{"self":[{"href":"https:\/\/divainers.com\/bg\/wp-json\/wp\/v2\/product\/9632","targetHints":{"allow":["GET"]}}],"collection":[{"href":"https:\/\/divainers.com\/bg\/wp-json\/wp\/v2\/product"}],"about":[{"href":"https:\/\/divainers.com\/bg\/wp-json\/wp\/v2\/types\/product"}],"replies":[{"embeddable":true,"href":"https:\/\/divainers.com\/bg\/wp-json\/wp\/v2\/comments?post=9632"}],"wp:featuredmedia":[{"embeddable":true,"href":"https:\/\/divainers.com\/bg\/wp-json\/wp\/v2\/media\/3974"}],"wp:attachment":[{"href":"https:\/\/divainers.com\/bg\/wp-json\/wp\/v2\/media?parent=9632"}],"wp:term":[{"taxonomy":"product_brand","embeddable":true,"href":"https:\/\/divainers.com\/bg\/wp-json\/wp\/v2\/product_brand?post=9632"},{"taxonomy":"product_cat","embeddable":true,"href":"https:\/\/divainers.com\/bg\/wp-json\/wp\/v2\/product_cat?post=9632"},{"taxonomy":"product_tag","embeddable":true,"href":"https:\/\/divainers.com\/bg\/wp-json\/wp\/v2\/product_tag?post=9632"}],"curies":[{"name":"wp","href":"https:\/\/api.w.org\/{rel}","templated":true}]}}