{"id":998,"date":"2025-01-31T08:33:13","date_gmt":"2025-01-31T07:33:13","guid":{"rendered":"https:\/\/divainers.com\/producto\/divain-1011\/"},"modified":"2026-03-16T16:08:11","modified_gmt":"2026-03-16T15:08:11","slug":"divain-1011","status":"publish","type":"product","link":"https:\/\/divainers.com\/bg\/producto\/divain-1011\/","title":{"rendered":"divain.1011"},"content":{"rendered":"<p>Una fragancia envolvente y sofisticada que combina la frescura de los c\u00edtricos y la dulzura de la mandarina con el toque especiado de notas ex\u00f3ticas. Su coraz\u00f3n floral, con jazm\u00edn y rosa, aporta una elegancia sutil, mientras que el fondo c\u00e1lido de vainilla, \u00e1mbar y madera crea una estela sensual y duradera. Ideal para quienes buscan una fragancia fresca, femenina y profunda que deje una impresi\u00f3n cautivadora a cada paso.<\/p>\n","protected":false},"excerpt":{"rendered":"<p>Recuerda a DIVAIN-1011 de Oriental Perfume<\/p>\n","protected":false},"featured_media":2657,"comment_status":"open","ping_status":"closed","template":"","meta":[],"product_brand":[],"product_cat":[313],"product_tag":[1391],"class_list":{"0":"post-998","1":"product","2":"type-product","3":"status-publish","4":"has-post-thumbnail","6":"product_cat-divain-original","7":"product_tag-unisex","9":"first","10":"instock","11":"shipping-taxable","12":"product-type-simple"},"_links":{"self":[{"href":"https:\/\/divainers.com\/bg\/wp-json\/wp\/v2\/product\/998","targetHints":{"allow":["GET"]}}],"collection":[{"href":"https:\/\/divainers.com\/bg\/wp-json\/wp\/v2\/product"}],"about":[{"href":"https:\/\/divainers.com\/bg\/wp-json\/wp\/v2\/types\/product"}],"replies":[{"embeddable":true,"href":"https:\/\/divainers.com\/bg\/wp-json\/wp\/v2\/comments?post=998"}],"wp:featuredmedia":[{"embeddable":true,"href":"https:\/\/divainers.com\/bg\/wp-json\/wp\/v2\/media\/2657"}],"wp:attachment":[{"href":"https:\/\/divainers.com\/bg\/wp-json\/wp\/v2\/media?parent=998"}],"wp:term":[{"taxonomy":"product_brand","embeddable":true,"href":"https:\/\/divainers.com\/bg\/wp-json\/wp\/v2\/product_brand?post=998"},{"taxonomy":"product_cat","embeddable":true,"href":"https:\/\/divainers.com\/bg\/wp-json\/wp\/v2\/product_cat?post=998"},{"taxonomy":"product_tag","embeddable":true,"href":"https:\/\/divainers.com\/bg\/wp-json\/wp\/v2\/product_tag?post=998"}],"curies":[{"name":"wp","href":"https:\/\/api.w.org\/{rel}","templated":true}]}}