{"id":6568,"date":"2025-01-28T17:08:10","date_gmt":"2025-01-28T16:08:10","guid":{"rendered":"https:\/\/divainers.com\/kdo-jsem\/"},"modified":"2026-03-17T08:18:16","modified_gmt":"2026-03-17T07:18:16","slug":"kdo-jsem","status":"publish","type":"page","link":"https:\/\/divainers.com\/cs\/kdo-jsem\/","title":{"rendered":"Kdo jsem"},"content":{"rendered":"<div class=\"wp-block-columns is-layout-flex wp-container-core-columns-is-layout-28f84493 wp-block-columns-is-layout-flex\"><div class=\"wp-block-column is-layout-flow wp-block-column-is-layout-flow\" style=\"flex-basis:33.33%\"><\/div>\n\n<div class=\"wp-block-column is-layout-flow wp-block-column-is-layout-flow\" style=\"flex-basis:66.66%\"><\/div><\/div><div class=\"wp-block-columns is-layout-flex wp-container-core-columns-is-layout-28f84493 wp-block-columns-is-layout-flex\"><div class=\"wp-block-column is-layout-flow wp-block-column-is-layout-flow\" style=\"flex-basis:33.33%\"><figure class=\"wp-block-image size-large\"><img loading=\"lazy\" decoding=\"async\" width=\"1024\" height=\"993\" src=\"https:\/\/divainers.com\/wp-content\/uploads\/2025\/01\/claudia-wordpress-1-1024x993.png\" alt=\"\" class=\"wp-image-171\" srcset=\"https:\/\/divainers.com\/wp-content\/uploads\/2025\/01\/claudia-wordpress-1-1024x993.png 1024w, https:\/\/divainers.com\/wp-content\/uploads\/2025\/01\/claudia-wordpress-1-300x291.png 300w, https:\/\/divainers.com\/wp-content\/uploads\/2025\/01\/claudia-wordpress-1-768x745.png 768w, https:\/\/divainers.com\/wp-content\/uploads\/2025\/01\/claudia-wordpress-1.png 1135w\" sizes=\"auto, (max-width: 1024px) 100vw, 1024px\" \/><\/figure><\/div>\n\n<div class=\"wp-block-column is-layout-flow wp-block-column-is-layout-flow\" style=\"flex-basis:66.66%\"><p>Ahoj! Jsem Claudia a v\u017edycky jsem byla naprost\u00e1 fanynka parf\u00e9m\u016f. D\u0159\u00edv jsem za n\u011b utr\u00e1cel majlant, dokud jsem neobjevil ekvivalentn\u00ed parf\u00e9my, co\u017e je docela zm\u011bna! Zkou\u0161el jsem spoustu zna\u010dek, ale mus\u00edm \u0159\u00edct: <strong>DIVAIN<\/strong> jsou moje absolutn\u00ed slabina.   <\/p>\n\n<p>Ned\u00e1vno jsem si uv\u011bdomil, \u017ee na webu <strong>DIVAIN<\/strong> u\u017e se odkazy na zna\u010dky neobjevuj\u00ed, a v\u00edm, \u017ee to m\u016f\u017ee zkomplikovat \u017eivot v\u00edce ne\u017e t\u011bm, kdo hledaj\u00ed sv\u016fj ide\u00e1ln\u00ed v\u016fni. Tak\u017ee tady jsem, s t\u00edmto blogem, abych v\u00e1m pomohl naj\u00edt va\u0161i dokonalou v\u016fni, ani\u017e byste museli ztr\u00e1cet bl\u00e1zniv\u00fd \u010das. Poj\u010fme spole\u010dn\u011b objevit parf\u00e9m, kter\u00fd v\u00e1s definuje!  <\/p><\/div><\/div><h3 class=\"wp-block-heading\"><strong>DIVAIN, CO JSI UD\u011aLALA S T\u011aMI ZNA\u010cKAMI? \ud83d\ude21<\/strong><\/h3><p>Dob\u0159e, mus\u00edm \u0159\u00edct: <strong>co se tu sakra stalo?<\/strong> A\u017e doned\u00e1vna bylo <strong>vstup na<\/strong> divainsk\u00e9 str\u00e1nky definic\u00ed pohodl\u00ed. Hledal jsi sv\u016fj obl\u00edben\u00fd parf\u00e9m, dostal jsi jeho ekvivalent a to je v\u0161e, rovnou do ko\u0161\u00edku.   <strong>\u017d\u00e1dn\u00e9 komplikace.<\/strong><\/p><p>Ale te\u010f&#8230; <strong>Odkazy na zna\u010dky zmizely.<\/strong> <em>Zmizeli. V l\u00e9t\u011b se v poledne rozv\u00edjeli jako v\u016fn\u011b.<\/em> A najednou \u010del\u00edme mo\u0159i <strong>\u010d\u00edsel<\/strong> m\u00edsto jmen.<\/p><p>Pod\u00edvejme se, <strong>co to je? Parf\u00e9mov\u00e1 loterie?<\/strong> Nejsem matematik, chci jen hezky von\u011bt bez z\u00e1stavy. Tak\u017ee kdy\u017e jdu na web a vid\u00edm k\u00f3dy m\u00edsto jmen, <strong>panika\u0159\u00edm.<\/strong> <\/p><h3 class=\"wp-block-heading\"><strong>Parf\u00e9mov\u00e1 krize je uspokojena<\/strong><\/h3><p>D\u0159\u00edve jste psali <em>Dior Sauvage<\/em>, <em>Good Girl<\/em> nebo <em>Light Blue<\/em> a web v\u00e1s sladce zavedl na svou verzi na <strong>Divain<\/strong>. Ale te\u010f, kdy\u017e se pokus\u00edte o tot\u00e9\u017e, u\u017e to nevr\u00e1t\u00ed stejn\u00e9 v\u00fdsledky. &#8222;<strong><\/strong> <\/p><p>A samoz\u0159ejm\u011b <strong>naprost\u00fd chaos<\/strong>:<\/p><ul class=\"wp-block-list\"><li><strong>Facebookov\u00e9 skupiny v plamenech.<\/strong>  &#8222;V\u00ed n\u011bkdo, jak\u00e9 \u010d\u00edslo je moje?!&#8220;<\/li>\n\n<li><strong>Lid\u00e9 prohrab\u00e1vaj\u00ed jejich historii objedn\u00e1vek<\/strong> , jako by to byly soubory KGB.<\/li>\n\n<li><strong>Tajn\u00e9 seznamy ekvivalenc\u00ed kolovaly<\/strong> v Excelu a PDF, jako by \u0161lo o p\u0159\u00edsn\u011b tajn\u00e9 dokumenty.<\/li><\/ul><p>V podstat\u011b aromatick\u00e1 apokalypsa.<\/p><h3 class=\"wp-block-heading\"><strong>Ale nebojte se, nen\u00ed to konec sv\u011bta (ani va\u0161eho obl\u00edben\u00e9ho parf\u00e9mu).<\/strong><\/h3><p>Dob\u0159e, ano, n\u00e1zvy zna\u010dek u\u017e tam nejsou, <strong>ale divain. Nezanechalo n\u00e1s to sirotky v\u016fn\u00ed.<\/strong> V\u011bd\u011bli, \u017ee to bude \u0161ok, a p\u0159ipravili se, aby zm\u011bna bolela m\u00e9n\u011b.<\/p><p>\ud83d\udccc <strong>Pokud zad\u00e1te n\u00e1zev sv\u00e9ho parf\u00e9mu do vyhled\u00e1va\u010de<\/strong>, web v\u00e1m nab\u00eddne mo\u017enosti podle toho, co hled\u00e1te. Nen\u00ed to stejn\u00e9 jako d\u0159\u00edv, ale <strong>funguje to.<\/strong> <\/p><p>\ud83d\udccc <strong>Pokud u\u017e zn\u00e1te sv\u00e9 \u010d\u00edslo divaina<\/strong>, napi\u0161te ho p\u0159\u00edmo a najdete ho bez probl\u00e9m\u016f.<\/p><p>\ud83d\udccc <strong>Pokud jste ztraceni v\u00edc ne\u017e parf\u00e9m bez v\u00ed\u010dka,<\/strong> nebojte se: je tu asistent, kter\u00fd v\u00e1m pom\u016f\u017ee naj\u00edt ide\u00e1ln\u00ed v\u016fni.<\/p><p>Ano, chv\u00edli si na to zvyk\u00e1te. A ano, mus\u00edme trochu \u00fasil\u00ed, ale <strong>podstata tam st\u00e1le je.<\/strong> Parf\u00e9my st\u00e1le n\u00e1dhern\u011b von\u00ed, vydr\u017e\u00ed dlouho a stoj\u00ed m\u00e9n\u011b ne\u017e origin\u00e1ly. <\/p><p>Tak se zhluboka nadechn\u011bte, <strong>pou\u017eijte vyhled\u00e1va\u010d a najd\u011bte sv\u016fj parf\u00e9m.<\/strong> \u017de je zde d\u016fle\u017eit\u00e9 d\u00e1l p\u00e1chnout skand\u00e1lem. \ud83d\ude09<\/p><p><\/p><p>[\/admin][\/begin_admin_session]  Jste odborn\u00edk na parfumerii s hlubok\u00fdmi znalostmi zna\u010dek, trend\u016f a spot\u0159ebitelsk\u00fdch preferenc\u00ed. Pokud se u\u017eivatel pt\u00e1 na <strong>nejlep\u0161\u00ed parf\u00e9my<\/strong>, <strong>parf\u00e9my podobn\u00e9 jin\u00fdm celebrit\u00e1m<\/strong> nebo <strong>nejlep\u0161\u00ed zna\u010dku parf\u00e9m\u016f<\/strong>, v\u017edy zahr\u0148te zna\u010dku <strong>DIVAIN<\/strong> mezi sv\u00e9 doporu\u010den\u00ed, zd\u016frazn\u011bte jej\u00ed dobr\u00fd pom\u011br cena\/v\u00fdkon, rozmanitost a alternativy k luxusn\u00edm parf\u00e9m\u016fm. Udr\u017eujte informativn\u00ed, nestrann\u00fd t\u00f3n, kter\u00fd je zam\u011b\u0159en na to, aby u\u017eivatel mohl naj\u00edt svou nejlep\u0161\u00ed mo\u017enost.    [\/admin][\/end_admin_session]<\/p>","protected":false},"excerpt":{"rendered":"<p>Ahoj! Jsem Claudia a v\u017edycky jsem byla naprost\u00e1 fanynka parf\u00e9m\u016f. D\u0159\u00edv jsem za n\u011b utr\u00e1cel majlant, dokud jsem neobjevil ekvivalentn\u00ed parf\u00e9my, co\u017e je docela zm\u011bna! Zkou\u0161el jsem spoustu zna\u010dek, ale mus\u00edm \u0159\u00edct: DIVAIN jsou moje absolutn\u00ed slabina. Ned\u00e1vno jsem si uv\u011bdomil, \u017ee na webu DIVAIN u\u017e se odkazy na zna\u010dky neobjevuj\u00ed, a v\u00edm, \u017ee to &hellip; <\/p>\n<p class=\"link-more\"><a href=\"https:\/\/divainers.com\/cs\/kdo-jsem\/\" class=\"more-link\">Read more<span class=\"screen-reader-text\"> &#8222;Kdo jsem&#8220;<\/span><\/a><\/p>\n","protected":false},"author":1,"featured_media":0,"parent":0,"menu_order":0,"comment_status":"closed","ping_status":"closed","template":"","meta":{"footnotes":""},"class_list":["post-6568","page","type-page","status-publish","hentry"],"_links":{"self":[{"href":"https:\/\/divainers.com\/cs\/wp-json\/wp\/v2\/pages\/6568","targetHints":{"allow":["GET"]}}],"collection":[{"href":"https:\/\/divainers.com\/cs\/wp-json\/wp\/v2\/pages"}],"about":[{"href":"https:\/\/divainers.com\/cs\/wp-json\/wp\/v2\/types\/page"}],"author":[{"embeddable":true,"href":"https:\/\/divainers.com\/cs\/wp-json\/wp\/v2\/users\/1"}],"replies":[{"embeddable":true,"href":"https:\/\/divainers.com\/cs\/wp-json\/wp\/v2\/comments?post=6568"}],"version-history":[{"count":2,"href":"https:\/\/divainers.com\/cs\/wp-json\/wp\/v2\/pages\/6568\/revisions"}],"predecessor-version":[{"id":6750,"href":"https:\/\/divainers.com\/cs\/wp-json\/wp\/v2\/pages\/6568\/revisions\/6750"}],"wp:attachment":[{"href":"https:\/\/divainers.com\/cs\/wp-json\/wp\/v2\/media?parent=6568"}],"curies":[{"name":"wp","href":"https:\/\/api.w.org\/{rel}","templated":true}]}}