{"id":1053,"date":"2025-01-31T08:33:20","date_gmt":"2025-01-31T07:33:20","guid":{"rendered":"https:\/\/divainers.com\/producto\/divain-691\/"},"modified":"2026-03-16T16:08:17","modified_gmt":"2026-03-16T15:08:17","slug":"divain-691","status":"publish","type":"product","link":"https:\/\/divainers.com\/cs\/producto\/divain-691\/","title":{"rendered":"divain.691"},"content":{"rendered":"<p>Una fragancia intensa y cautivadora que se despliega con notas florales ex\u00f3ticas y un toque de misterio. En su apertura, la combinaci\u00f3n de jazm\u00edn y flor de azahar aporta una frescura floral, mientras que el coraz\u00f3n se ve enriquecido por un toque de ylang-ylang, con su dulzura y sensualidad caracter\u00edsticas. El fondo de esta fragancia revela un toque m\u00e1s c\u00e1lido y profundo con la presencia de maderas y almizcle, creando una base sofisticada y envolvente. Es una fragancia que evoca seducci\u00f3n y poder, ideal para quien busca dejar una impresi\u00f3n inolvidable.<\/p>\n","protected":false},"excerpt":{"rendered":"<p>Recuerda a The Bewitching Yasmine de Penhaligon&#8217;s<\/p>\n","protected":false},"featured_media":3125,"comment_status":"open","ping_status":"closed","template":"","meta":[],"product_brand":[],"product_cat":[852],"product_tag":[1430],"class_list":{"0":"post-1053","1":"product","2":"type-product","3":"status-publish","4":"has-post-thumbnail","6":"product_cat-penhaligons","7":"product_tag-zeny","9":"first","10":"instock","11":"shipping-taxable","12":"product-type-simple"},"_links":{"self":[{"href":"https:\/\/divainers.com\/cs\/wp-json\/wp\/v2\/product\/1053","targetHints":{"allow":["GET"]}}],"collection":[{"href":"https:\/\/divainers.com\/cs\/wp-json\/wp\/v2\/product"}],"about":[{"href":"https:\/\/divainers.com\/cs\/wp-json\/wp\/v2\/types\/product"}],"replies":[{"embeddable":true,"href":"https:\/\/divainers.com\/cs\/wp-json\/wp\/v2\/comments?post=1053"}],"wp:featuredmedia":[{"embeddable":true,"href":"https:\/\/divainers.com\/cs\/wp-json\/wp\/v2\/media\/3125"}],"wp:attachment":[{"href":"https:\/\/divainers.com\/cs\/wp-json\/wp\/v2\/media?parent=1053"}],"wp:term":[{"taxonomy":"product_brand","embeddable":true,"href":"https:\/\/divainers.com\/cs\/wp-json\/wp\/v2\/product_brand?post=1053"},{"taxonomy":"product_cat","embeddable":true,"href":"https:\/\/divainers.com\/cs\/wp-json\/wp\/v2\/product_cat?post=1053"},{"taxonomy":"product_tag","embeddable":true,"href":"https:\/\/divainers.com\/cs\/wp-json\/wp\/v2\/product_tag?post=1053"}],"curies":[{"name":"wp","href":"https:\/\/api.w.org\/{rel}","templated":true}]}}