{"id":10634,"date":"2025-01-31T08:32:35","date_gmt":"2025-01-31T07:32:35","guid":{"rendered":"https:\/\/divainers.com\/producto\/divain-383\/"},"modified":"2026-04-30T16:18:54","modified_gmt":"2026-04-30T14:18:54","slug":"divain-383","status":"publish","type":"product","link":"https:\/\/divainers.com\/cs\/producto\/divain-383\/","title":{"rendered":"divain.383"},"content":{"rendered":"<p>Odv\u00e1\u017en\u00e1 a sv\u016fdn\u00e1 kombinace, kde se aromatick\u00e1 levandule m\u00eds\u00ed s d\u0159evit\u00fdmi t\u00f3ny a ko\u0159en\u011bn\u00fdm z\u00e1kladem. Jej\u00ed hlubok\u00fd a m\u00edrn\u011b sladk\u00fd charakter j\u00ed dod\u00e1v\u00e1 modern\u00ed n\u00e1dech, ani\u017e by ztratila svou klasickou a mu\u017enou podstatu.<\/p>\n","protected":false},"excerpt":{"rendered":"<p>P\u0159ipom\u00edn\u00e1 Drakkar Intense od Guy Laroche<\/p>\n","protected":false},"featured_media":10633,"comment_status":"open","ping_status":"closed","template":"","meta":[],"product_brand":[],"product_cat":[2895],"product_tag":[1341],"class_list":{"0":"post-10634","1":"product","2":"type-product","3":"status-publish","4":"has-post-thumbnail","6":"product_cat-guy-laroche","7":"product_tag-muzi","9":"first","10":"instock","11":"shipping-taxable","12":"product-type-simple"},"_links":{"self":[{"href":"https:\/\/divainers.com\/cs\/wp-json\/wp\/v2\/product\/10634","targetHints":{"allow":["GET"]}}],"collection":[{"href":"https:\/\/divainers.com\/cs\/wp-json\/wp\/v2\/product"}],"about":[{"href":"https:\/\/divainers.com\/cs\/wp-json\/wp\/v2\/types\/product"}],"replies":[{"embeddable":true,"href":"https:\/\/divainers.com\/cs\/wp-json\/wp\/v2\/comments?post=10634"}],"wp:featuredmedia":[{"embeddable":true,"href":"https:\/\/divainers.com\/cs\/wp-json\/wp\/v2\/media\/10633"}],"wp:attachment":[{"href":"https:\/\/divainers.com\/cs\/wp-json\/wp\/v2\/media?parent=10634"}],"wp:term":[{"taxonomy":"product_brand","embeddable":true,"href":"https:\/\/divainers.com\/cs\/wp-json\/wp\/v2\/product_brand?post=10634"},{"taxonomy":"product_cat","embeddable":true,"href":"https:\/\/divainers.com\/cs\/wp-json\/wp\/v2\/product_cat?post=10634"},{"taxonomy":"product_tag","embeddable":true,"href":"https:\/\/divainers.com\/cs\/wp-json\/wp\/v2\/product_tag?post=10634"}],"curies":[{"name":"wp","href":"https:\/\/api.w.org\/{rel}","templated":true}]}}