{"id":1115,"date":"2025-01-31T08:33:27","date_gmt":"2025-01-31T07:33:27","guid":{"rendered":"https:\/\/divainers.com\/producto\/divain-645\/"},"modified":"2026-04-30T16:11:06","modified_gmt":"2026-04-30T14:11:06","slug":"divain-645","status":"publish","type":"product","link":"https:\/\/divainers.com\/cs\/producto\/divain-645\/","title":{"rendered":"divain.645"},"content":{"rendered":"<p>Angel Nova je odva\u017ean i zavodljiv parfem koji spaja slatke, vo\u0107ne i cvjetne note s jedinstvenom intenzitetom. Od samog otvaranja, vibrantne note maline i li\u010dija kombiniraju se s so\u010dnim i energi\u010dnim dodirom koji priziva svje\u017einu i dinamiku. U srcu, cvijet naran\u010de i damask ru\u017ea donose cvjetnu nje\u017enost koja savr\u0161eno balansira vo\u0107ne note, stvaraju\u0107i \u017eenstvenu i sofisticiranu dimenziju. Drvenasta baza akigalawooda i mo\u0161usa daje senzualnu dubinu, dok vanilija sve obavija toplim i ugodnim tonom. Angel Nova je idealan za one koji tra\u017ee vo\u0107no-cvjetni miris s intenzivnom i obavijaju\u0107om bazom. Savr\u0161en za posebne trenutke ili za one koji \u017eele miris koji spaja svje\u017einu i senzualnost s jedinstvenom snagom. Njegova mje\u0161avina vibrantnih i dubokih nota \u010dini ga modernim i privla\u010dnim parfemom, idealnim za ostavljanje neizbrisivog dojma.<\/p>\n","protected":false},"excerpt":{"rendered":"<p>Podsje\u0107a na Angel Nova od Thierry Mugler<\/p>\n","protected":false},"featured_media":15620,"comment_status":"open","ping_status":"closed","template":"","meta":[],"product_brand":[],"product_cat":[3744],"product_tag":[1456],"class_list":{"0":"post-1115","1":"product","2":"type-product","3":"status-publish","4":"has-post-thumbnail","6":"product_cat-thierry-mugler","7":"product_tag-1456","9":"first","10":"instock","11":"shipping-taxable","12":"product-type-simple"},"_links":{"self":[{"href":"https:\/\/divainers.com\/cs\/wp-json\/wp\/v2\/product\/1115","targetHints":{"allow":["GET"]}}],"collection":[{"href":"https:\/\/divainers.com\/cs\/wp-json\/wp\/v2\/product"}],"about":[{"href":"https:\/\/divainers.com\/cs\/wp-json\/wp\/v2\/types\/product"}],"replies":[{"embeddable":true,"href":"https:\/\/divainers.com\/cs\/wp-json\/wp\/v2\/comments?post=1115"}],"wp:featuredmedia":[{"embeddable":true,"href":"https:\/\/divainers.com\/cs\/wp-json\/wp\/v2\/media\/15620"}],"wp:attachment":[{"href":"https:\/\/divainers.com\/cs\/wp-json\/wp\/v2\/media?parent=1115"}],"wp:term":[{"taxonomy":"product_brand","embeddable":true,"href":"https:\/\/divainers.com\/cs\/wp-json\/wp\/v2\/product_brand?post=1115"},{"taxonomy":"product_cat","embeddable":true,"href":"https:\/\/divainers.com\/cs\/wp-json\/wp\/v2\/product_cat?post=1115"},{"taxonomy":"product_tag","embeddable":true,"href":"https:\/\/divainers.com\/cs\/wp-json\/wp\/v2\/product_tag?post=1115"}],"curies":[{"name":"wp","href":"https:\/\/api.w.org\/{rel}","templated":true}]}}