{"id":1127,"date":"2025-01-31T08:33:29","date_gmt":"2025-01-31T07:33:29","guid":{"rendered":"https:\/\/divainers.com\/producto\/divain-323\/"},"modified":"2026-04-30T16:00:50","modified_gmt":"2026-04-30T14:00:50","slug":"divain-323","status":"publish","type":"product","link":"https:\/\/divainers.com\/cs\/producto\/divain-323\/","title":{"rendered":"divain.323"},"content":{"rendered":"<p>Intenzivan i rasko\u0161an miris u kojem je oud apsolutni protagonist, okru\u017een za\u010dinskim i dubokim akordom. Note ko\u017ee, sandalovine i vetivera donose toplinu i sofisticiranost, dok dimni i smolasti dodir dodaje dubinu i misterij. Sna\u017ean, tamni i magnetski miris, idealan za one koji tra\u017ee impresivnu i obavijaju\u0107u esenciju.<\/p>\n","protected":false},"excerpt":{"rendered":"<p>Podsje\u0107a na Oud Wood Intense od Tom Ford<\/p>\n","protected":false},"featured_media":15358,"comment_status":"open","ping_status":"closed","template":"","meta":[],"product_brand":[],"product_cat":[4265],"product_tag":[1364],"class_list":{"0":"post-1127","1":"product","2":"type-product","3":"status-publish","4":"has-post-thumbnail","6":"product_cat-tom-ford","7":"product_tag-menn","9":"first","10":"instock","11":"shipping-taxable","12":"product-type-simple"},"_links":{"self":[{"href":"https:\/\/divainers.com\/cs\/wp-json\/wp\/v2\/product\/1127","targetHints":{"allow":["GET"]}}],"collection":[{"href":"https:\/\/divainers.com\/cs\/wp-json\/wp\/v2\/product"}],"about":[{"href":"https:\/\/divainers.com\/cs\/wp-json\/wp\/v2\/types\/product"}],"replies":[{"embeddable":true,"href":"https:\/\/divainers.com\/cs\/wp-json\/wp\/v2\/comments?post=1127"}],"wp:featuredmedia":[{"embeddable":true,"href":"https:\/\/divainers.com\/cs\/wp-json\/wp\/v2\/media\/15358"}],"wp:attachment":[{"href":"https:\/\/divainers.com\/cs\/wp-json\/wp\/v2\/media?parent=1127"}],"wp:term":[{"taxonomy":"product_brand","embeddable":true,"href":"https:\/\/divainers.com\/cs\/wp-json\/wp\/v2\/product_brand?post=1127"},{"taxonomy":"product_cat","embeddable":true,"href":"https:\/\/divainers.com\/cs\/wp-json\/wp\/v2\/product_cat?post=1127"},{"taxonomy":"product_tag","embeddable":true,"href":"https:\/\/divainers.com\/cs\/wp-json\/wp\/v2\/product_tag?post=1127"}],"curies":[{"name":"wp","href":"https:\/\/api.w.org\/{rel}","templated":true}]}}