{"id":11274,"date":"2025-01-31T08:33:26","date_gmt":"2025-01-31T07:33:26","guid":{"rendered":"https:\/\/divainers.com\/producto\/divain-544\/"},"modified":"2026-04-30T16:19:07","modified_gmt":"2026-04-30T14:19:07","slug":"divain-544","status":"publish","type":"product","link":"https:\/\/divainers.com\/cs\/producto\/divain-544\/","title":{"rendered":"divain.544"},"content":{"rendered":"<p>Jemn\u00e1 a z\u00e1\u0159iv\u00e1 v\u016fn\u011b, kter\u00e1 evokuje jemnou eleganci a sv\u011b\u017eest vz\u00e1cn\u00e9ho drahokamu. Od prvn\u00edho n\u00e1dechu probouz\u00ed sm\u011bs \u010derstv\u00fdch citrus\u016f a zelen\u00fdch list\u016f smysly s vibrac\u00ed a osv\u011b\u017euj\u00edc\u00edm pocitem. V srdci se rozv\u00edj\u00ed kv\u011btinov\u00fd buket r\u016f\u017ee, jasm\u00ednu a konvalinky, kter\u00fd p\u0159in\u00e1\u0161\u00ed jemnou a rafinovanou \u017eenskost, zat\u00edmco n\u00e1dech maliny dod\u00e1v\u00e1 lehkou a ovocnou sladkost. Nakonec z\u00e1klad z pi\u017ema, cedrov\u00e9ho d\u0159eva a vanilky zanech\u00e1v\u00e1 teplou, obklopuj\u00edc\u00ed a smyslnou stopu. Ide\u00e1ln\u00ed parf\u00e9m pro ty, kte\u0159\u00ed hledaj\u00ed sv\u011b\u017e\u00ed, kv\u011btinovou a elegantn\u00ed v\u016fni, perfektn\u00ed pro ka\u017edodenn\u00ed no\u0161en\u00ed i speci\u00e1ln\u00ed p\u0159\u00edle\u017eitosti pln\u00e9 sv\u011btla a p\u016fvabu.<\/p>\n","protected":false},"excerpt":{"rendered":"<p>P\u0159ipom\u00edn\u00e1 Aura od Swarovski<\/p>\n","protected":false},"featured_media":11272,"comment_status":"open","ping_status":"closed","template":"","meta":[],"product_brand":[],"product_cat":[3210],"product_tag":[1430],"class_list":{"0":"post-11274","1":"product","2":"type-product","3":"status-publish","4":"has-post-thumbnail","6":"product_cat-swarovski","7":"product_tag-zeny","9":"first","10":"instock","11":"shipping-taxable","12":"product-type-simple"},"_links":{"self":[{"href":"https:\/\/divainers.com\/cs\/wp-json\/wp\/v2\/product\/11274","targetHints":{"allow":["GET"]}}],"collection":[{"href":"https:\/\/divainers.com\/cs\/wp-json\/wp\/v2\/product"}],"about":[{"href":"https:\/\/divainers.com\/cs\/wp-json\/wp\/v2\/types\/product"}],"replies":[{"embeddable":true,"href":"https:\/\/divainers.com\/cs\/wp-json\/wp\/v2\/comments?post=11274"}],"wp:featuredmedia":[{"embeddable":true,"href":"https:\/\/divainers.com\/cs\/wp-json\/wp\/v2\/media\/11272"}],"wp:attachment":[{"href":"https:\/\/divainers.com\/cs\/wp-json\/wp\/v2\/media?parent=11274"}],"wp:term":[{"taxonomy":"product_brand","embeddable":true,"href":"https:\/\/divainers.com\/cs\/wp-json\/wp\/v2\/product_brand?post=11274"},{"taxonomy":"product_cat","embeddable":true,"href":"https:\/\/divainers.com\/cs\/wp-json\/wp\/v2\/product_cat?post=11274"},{"taxonomy":"product_tag","embeddable":true,"href":"https:\/\/divainers.com\/cs\/wp-json\/wp\/v2\/product_tag?post=11274"}],"curies":[{"name":"wp","href":"https:\/\/api.w.org\/{rel}","templated":true}]}}