{"id":1130,"date":"2025-01-31T08:33:30","date_gmt":"2025-01-31T07:33:30","guid":{"rendered":"https:\/\/divainers.com\/producto\/divain-385\/"},"modified":"2026-03-16T16:08:23","modified_gmt":"2026-03-16T15:08:23","slug":"divain-385","status":"publish","type":"product","link":"https:\/\/divainers.com\/cs\/producto\/divain-385\/","title":{"rendered":"divain.385"},"content":{"rendered":"<p>Un aroma ahumado y elegante que combina maderas ex\u00f3ticas con el calor de las especias y un toque de resina. Su car\u00e1cter profundo y m\u00edstico evoca la calidez del incienso, el \u00e9bano y una ligera dulzura bals\u00e1mica, creando una fragancia sofisticada y envolvente.<\/p>\n","protected":false},"excerpt":{"rendered":"<p>Recuerda a \u00c9b\u00e8ne Fum\u00e9 de Tom Ford<\/p>\n","protected":false},"featured_media":3567,"comment_status":"open","ping_status":"closed","template":"","meta":[],"product_brand":[],"product_cat":[943],"product_tag":[1415],"class_list":{"0":"post-1130","1":"product","2":"type-product","3":"status-publish","4":"has-post-thumbnail","6":"product_cat-tom-ford","7":"product_tag-unisex","9":"first","10":"instock","11":"shipping-taxable","12":"product-type-simple"},"_links":{"self":[{"href":"https:\/\/divainers.com\/cs\/wp-json\/wp\/v2\/product\/1130","targetHints":{"allow":["GET"]}}],"collection":[{"href":"https:\/\/divainers.com\/cs\/wp-json\/wp\/v2\/product"}],"about":[{"href":"https:\/\/divainers.com\/cs\/wp-json\/wp\/v2\/types\/product"}],"replies":[{"embeddable":true,"href":"https:\/\/divainers.com\/cs\/wp-json\/wp\/v2\/comments?post=1130"}],"wp:featuredmedia":[{"embeddable":true,"href":"https:\/\/divainers.com\/cs\/wp-json\/wp\/v2\/media\/3567"}],"wp:attachment":[{"href":"https:\/\/divainers.com\/cs\/wp-json\/wp\/v2\/media?parent=1130"}],"wp:term":[{"taxonomy":"product_brand","embeddable":true,"href":"https:\/\/divainers.com\/cs\/wp-json\/wp\/v2\/product_brand?post=1130"},{"taxonomy":"product_cat","embeddable":true,"href":"https:\/\/divainers.com\/cs\/wp-json\/wp\/v2\/product_cat?post=1130"},{"taxonomy":"product_tag","embeddable":true,"href":"https:\/\/divainers.com\/cs\/wp-json\/wp\/v2\/product_tag?post=1130"}],"curies":[{"name":"wp","href":"https:\/\/api.w.org\/{rel}","templated":true}]}}