{"id":1150,"date":"2025-01-31T08:33:32","date_gmt":"2025-01-31T07:33:32","guid":{"rendered":"https:\/\/divainers.com\/producto\/divain-672\/"},"modified":"2026-04-30T16:11:39","modified_gmt":"2026-04-30T14:11:39","slug":"divain-672","status":"publish","type":"product","link":"https:\/\/divainers.com\/cs\/producto\/divain-672\/","title":{"rendered":"divain.672"},"content":{"rendered":"<p>Intenzivan i zavodljiv miris koji obavija osjetila toplim i tajanstvenim zagrljajem. Otvaranje je obilje\u017eeno za\u010dinskim i lagano drvenastim notama koje se stapaju sa slatkim i obavijaju\u0107im notama vanilije, stvaraju\u0107i ukusnu i o\u010daravaju\u0107u kombinaciju. Kako miris evoluira, srce otkriva nje\u017eni cvjetni akord ru\u017ee i jasmina, donose\u0107i elegantnu senzualnost koja savr\u0161eno nadopunjuje bogatstvo vanilije. Baza, duboka i sofisticirana, sastoji se od ko\u017ee, sandalovine i jantara, pru\u017eaju\u0107i dugotrajnu toplinu i osje\u0107aj luksuza. Ovo je parfem za one koji tra\u017ee obavijaju\u0107i, rasko\u0161ni i tajanstveni miris, idealan za no\u0107 ili posebne trenutke kada \u017eelite ostaviti trajan i senzualan dojam.<\/p>\n","protected":false},"excerpt":{"rendered":"<p>Podsje\u0107a na Vanille Fatale od Tom Ford<\/p>\n","protected":false},"featured_media":15641,"comment_status":"open","ping_status":"closed","template":"","meta":[],"product_brand":[],"product_cat":[4267],"product_tag":[1402],"class_list":{"0":"post-1150","1":"product","2":"type-product","3":"status-publish","4":"has-post-thumbnail","6":"product_cat-tom-ford","7":"product_tag-unisex","9":"first","10":"instock","11":"shipping-taxable","12":"product-type-simple"},"_links":{"self":[{"href":"https:\/\/divainers.com\/cs\/wp-json\/wp\/v2\/product\/1150","targetHints":{"allow":["GET"]}}],"collection":[{"href":"https:\/\/divainers.com\/cs\/wp-json\/wp\/v2\/product"}],"about":[{"href":"https:\/\/divainers.com\/cs\/wp-json\/wp\/v2\/types\/product"}],"replies":[{"embeddable":true,"href":"https:\/\/divainers.com\/cs\/wp-json\/wp\/v2\/comments?post=1150"}],"wp:featuredmedia":[{"embeddable":true,"href":"https:\/\/divainers.com\/cs\/wp-json\/wp\/v2\/media\/15641"}],"wp:attachment":[{"href":"https:\/\/divainers.com\/cs\/wp-json\/wp\/v2\/media?parent=1150"}],"wp:term":[{"taxonomy":"product_brand","embeddable":true,"href":"https:\/\/divainers.com\/cs\/wp-json\/wp\/v2\/product_brand?post=1150"},{"taxonomy":"product_cat","embeddable":true,"href":"https:\/\/divainers.com\/cs\/wp-json\/wp\/v2\/product_cat?post=1150"},{"taxonomy":"product_tag","embeddable":true,"href":"https:\/\/divainers.com\/cs\/wp-json\/wp\/v2\/product_tag?post=1150"}],"curies":[{"name":"wp","href":"https:\/\/api.w.org\/{rel}","templated":true}]}}