{"id":1164,"date":"2025-01-31T08:33:34","date_gmt":"2025-01-31T07:33:34","guid":{"rendered":"https:\/\/divainers.com\/producto\/divain-955\/"},"modified":"2026-04-30T16:16:24","modified_gmt":"2026-04-30T14:16:24","slug":"divain-955","status":"publish","type":"product","link":"https:\/\/divainers.com\/cs\/producto\/divain-955\/","title":{"rendered":"divain.955"},"content":{"rendered":"<p>Bogati i slo\u017eeni miris koji spaja nje\u017enost <em>ru\u017ee<\/em> s toplom intenzitetom <em>kave<\/em>, stvaraju\u0107i o\u010daravaju\u0107e i strastveno mirisno iskustvo. Od samog po\u010detka, <em>cvjetne note<\/em> <em>ru\u017ee<\/em> kombiniraju se s dodirom <em>maline<\/em>, donose\u0107i svje\u017eu i romanti\u010dnu slatko\u0107u. Kako se miris razvija, <em>kava<\/em> se otkriva u svojoj punoj intenziteti, dodaju\u0107i duboki i za\u010dinski sloj koji se mije\u0161a s nje\u017eno\u0161\u0107u <em>mo\u0161usa<\/em> i dodirom <em>vanilije<\/em>. Bazne note <em>sandala<\/em> i <em>cedra<\/em> daju drvenastu i toplu osnovu, ostavljaju\u0107i elegantan i dugotrajan trag. Ovaj miris idealan je za one koji tra\u017ee <em>zavodljivo<\/em>, <em>strastveno<\/em> i <em>jedinstveno<\/em> iskustvo, savr\u0161eno za posebne trenutke gdje kontrast izme\u0111u cvjetnog i toplog ostavlja dubok i nezaboravan dojam.<\/p>\n","protected":false},"excerpt":{"rendered":"<p>Podsje\u0107a na Roses &#038; Coffee od Tom Ford<\/p>\n","protected":false},"featured_media":15874,"comment_status":"open","ping_status":"closed","template":"","meta":[],"product_brand":[],"product_cat":[4254],"product_tag":[1408],"class_list":{"0":"post-1164","1":"product","2":"type-product","3":"status-publish","4":"has-post-thumbnail","6":"product_cat-tom-ford","7":"product_tag-unisex","9":"first","10":"instock","11":"shipping-taxable","12":"product-type-simple"},"_links":{"self":[{"href":"https:\/\/divainers.com\/cs\/wp-json\/wp\/v2\/product\/1164","targetHints":{"allow":["GET"]}}],"collection":[{"href":"https:\/\/divainers.com\/cs\/wp-json\/wp\/v2\/product"}],"about":[{"href":"https:\/\/divainers.com\/cs\/wp-json\/wp\/v2\/types\/product"}],"replies":[{"embeddable":true,"href":"https:\/\/divainers.com\/cs\/wp-json\/wp\/v2\/comments?post=1164"}],"wp:featuredmedia":[{"embeddable":true,"href":"https:\/\/divainers.com\/cs\/wp-json\/wp\/v2\/media\/15874"}],"wp:attachment":[{"href":"https:\/\/divainers.com\/cs\/wp-json\/wp\/v2\/media?parent=1164"}],"wp:term":[{"taxonomy":"product_brand","embeddable":true,"href":"https:\/\/divainers.com\/cs\/wp-json\/wp\/v2\/product_brand?post=1164"},{"taxonomy":"product_cat","embeddable":true,"href":"https:\/\/divainers.com\/cs\/wp-json\/wp\/v2\/product_cat?post=1164"},{"taxonomy":"product_tag","embeddable":true,"href":"https:\/\/divainers.com\/cs\/wp-json\/wp\/v2\/product_tag?post=1164"}],"curies":[{"name":"wp","href":"https:\/\/api.w.org\/{rel}","templated":true}]}}