{"id":1166,"date":"2025-01-31T08:33:35","date_gmt":"2025-01-31T07:33:35","guid":{"rendered":"https:\/\/divainers.com\/producto\/divain-211\/"},"modified":"2026-04-30T15:58:43","modified_gmt":"2026-04-30T13:58:43","slug":"divain-211","status":"publish","type":"product","link":"https:\/\/divainers.com\/cs\/producto\/divain-211\/","title":{"rendered":"divain.211"},"content":{"rendered":"<p>Svje\u017ei i mladena\u010dki miris koji priziva slobodu i avanturu. Njegov \u017eivahni po\u010detak kombinira citrusne i vo\u0107ne note poput bergamota i zelene jabuke, koje donose osvje\u017eavaju\u0107i i \u010dist dodir. U srcu, ravnote\u017ea lavande i cimeta dodaje za\u010dinski i aromati\u010dni ton, isti\u010du\u0107i njegov moderan i le\u017eeran karakter. Drvenasti zavr\u0161etak s notama jantara i mahovine ostavlja topao i suptilno mu\u017eevan trag. Idealno za spontanog i karizmati\u010dnog mu\u0161karca, savr\u0161eno za svakodnevnu upotrebu i bilo koju le\u017eernu priliku.<\/p>\n","protected":false},"excerpt":{"rendered":"<p>Podsje\u0107a na Tommy od Tommy Hilfiger<\/p>\n","protected":false},"featured_media":15267,"comment_status":"open","ping_status":"closed","template":"","meta":[],"product_brand":[],"product_cat":[4286],"product_tag":[1364],"class_list":{"0":"post-1166","1":"product","2":"type-product","3":"status-publish","4":"has-post-thumbnail","6":"product_cat-tommy-hilfiger","7":"product_tag-menn","9":"first","10":"instock","11":"shipping-taxable","12":"product-type-simple"},"_links":{"self":[{"href":"https:\/\/divainers.com\/cs\/wp-json\/wp\/v2\/product\/1166","targetHints":{"allow":["GET"]}}],"collection":[{"href":"https:\/\/divainers.com\/cs\/wp-json\/wp\/v2\/product"}],"about":[{"href":"https:\/\/divainers.com\/cs\/wp-json\/wp\/v2\/types\/product"}],"replies":[{"embeddable":true,"href":"https:\/\/divainers.com\/cs\/wp-json\/wp\/v2\/comments?post=1166"}],"wp:featuredmedia":[{"embeddable":true,"href":"https:\/\/divainers.com\/cs\/wp-json\/wp\/v2\/media\/15267"}],"wp:attachment":[{"href":"https:\/\/divainers.com\/cs\/wp-json\/wp\/v2\/media?parent=1166"}],"wp:term":[{"taxonomy":"product_brand","embeddable":true,"href":"https:\/\/divainers.com\/cs\/wp-json\/wp\/v2\/product_brand?post=1166"},{"taxonomy":"product_cat","embeddable":true,"href":"https:\/\/divainers.com\/cs\/wp-json\/wp\/v2\/product_cat?post=1166"},{"taxonomy":"product_tag","embeddable":true,"href":"https:\/\/divainers.com\/cs\/wp-json\/wp\/v2\/product_tag?post=1166"}],"curies":[{"name":"wp","href":"https:\/\/api.w.org\/{rel}","templated":true}]}}