{"id":11726,"date":"2025-01-31T08:33:27","date_gmt":"2025-01-31T07:33:27","guid":{"rendered":"https:\/\/divainers.com\/producto\/divain-903\/"},"modified":"2026-04-30T16:19:16","modified_gmt":"2026-04-30T14:19:16","slug":"divain-903","status":"publish","type":"product","link":"https:\/\/divainers.com\/cs\/producto\/divain-903\/","title":{"rendered":"divain.903"},"content":{"rendered":"<p>Okouzluj\u00edc\u00ed a jemn\u00e1 v\u016fn\u011b, kter\u00e1 evokuje \u010distotu d\u011btstv\u00ed s \u010derstvou a jemnou sm\u011bs\u00ed jasn\u00fdch citrus\u016f a jemn\u00fdch kv\u011btinov\u00fdch t\u00f3n\u016f. \u00davod je povzdech citronu a sladk\u00fdch pomeran\u010d\u016f, kter\u00fd okam\u017eit\u011b probouz\u00ed smysly s mladistvou vitalitou. Jak se v\u016fn\u011b rozv\u00edj\u00ed, t\u00f3ny pomeran\u010dov\u00e9ho kv\u011btu a jasm\u00ednu p\u0159id\u00e1vaj\u00ed tepl\u00fd a jemn\u00fd n\u00e1dech, zat\u00edmco z\u00e1klad z mandle a vanilky obaluje v\u016fni uklid\u0148uj\u00edc\u00ed m\u011bkkost\u00ed, zanech\u00e1vaj\u00edc\u00ed sladk\u00fd a lehce kr\u00e9mov\u00fd stopu. Tento parf\u00e9m je ide\u00e1ln\u00ed pro ty, kte\u0159\u00ed hledaj\u00ed lehkou, sv\u011b\u017e\u00ed a n\u011b\u017enou v\u016fni, kter\u00e1 odr\u00e1\u017e\u00ed nevinnost a radost prvn\u00edch okam\u017eik\u016f, vytv\u00e1\u0159ej\u00edc\u00ed pocit tepla a sv\u011b\u017eesti, kter\u00fd jemn\u011b p\u0159etrv\u00e1v\u00e1 po cel\u00fd den.<\/p>\n","protected":false},"excerpt":{"rendered":"<p>P\u0159ipom\u00edn\u00e1 Ptisenbon od Tartine et Chocolat<\/p>\n","protected":false},"featured_media":11722,"comment_status":"open","ping_status":"closed","template":"","meta":[],"product_brand":[],"product_cat":[3443],"product_tag":[2309],"class_list":{"0":"post-11726","1":"product","2":"type-product","3":"status-publish","4":"has-post-thumbnail","6":"product_cat-tartine-et-chocolat","7":"product_tag-ninos-y-ninas","9":"first","10":"instock","11":"shipping-taxable","12":"product-type-simple"},"_links":{"self":[{"href":"https:\/\/divainers.com\/cs\/wp-json\/wp\/v2\/product\/11726","targetHints":{"allow":["GET"]}}],"collection":[{"href":"https:\/\/divainers.com\/cs\/wp-json\/wp\/v2\/product"}],"about":[{"href":"https:\/\/divainers.com\/cs\/wp-json\/wp\/v2\/types\/product"}],"replies":[{"embeddable":true,"href":"https:\/\/divainers.com\/cs\/wp-json\/wp\/v2\/comments?post=11726"}],"wp:featuredmedia":[{"embeddable":true,"href":"https:\/\/divainers.com\/cs\/wp-json\/wp\/v2\/media\/11722"}],"wp:attachment":[{"href":"https:\/\/divainers.com\/cs\/wp-json\/wp\/v2\/media?parent=11726"}],"wp:term":[{"taxonomy":"product_brand","embeddable":true,"href":"https:\/\/divainers.com\/cs\/wp-json\/wp\/v2\/product_brand?post=11726"},{"taxonomy":"product_cat","embeddable":true,"href":"https:\/\/divainers.com\/cs\/wp-json\/wp\/v2\/product_cat?post=11726"},{"taxonomy":"product_tag","embeddable":true,"href":"https:\/\/divainers.com\/cs\/wp-json\/wp\/v2\/product_tag?post=11726"}],"curies":[{"name":"wp","href":"https:\/\/api.w.org\/{rel}","templated":true}]}}