{"id":11765,"date":"2025-01-31T08:33:27","date_gmt":"2025-01-31T07:33:27","guid":{"rendered":"https:\/\/divainers.com\/producto\/divain-781\/"},"modified":"2026-04-30T16:19:17","modified_gmt":"2026-04-30T14:19:17","slug":"divain-781","status":"publish","type":"product","link":"https:\/\/divainers.com\/cs\/producto\/divain-781\/","title":{"rendered":"divain.781"},"content":{"rendered":"<p>Tato unisex v\u016fn\u011b za\u010d\u00edn\u00e1 ko\u0159en\u011bn\u00fdm a citrusov\u00fdm \u00favodem, kde se koriandr a km\u00edn prol\u00ednaj\u00ed s \u010derstv\u00fdmi t\u00f3ny, vytv\u00e1\u0159ej\u00edc\u00ed pocit tepla a sofistikovanosti. V srdci v\u016fn\u011b cedr a jasm\u00edn p\u0159in\u00e1\u0161ej\u00ed d\u0159evitou a kv\u011btinovou eleganci, evokuj\u00edc\u00ed klid pou\u0161tn\u00edch krajin. Z\u00e1klad z pa\u010duli, \u0161ed\u00e9ho ambry a prysky\u0159ic dod\u00e1v\u00e1 balzamickou a zemitou hloubku, odr\u00e1\u017eej\u00edc\u00ed p\u0159irozen\u00e9 bohatstv\u00ed Maghrebu. Tato kompozice, prezentovan\u00e1 v luxusn\u00ed koncentraci parf\u00e9mov\u00e9ho extraktu, nab\u00edz\u00ed jedine\u010dn\u00fd smyslov\u00fd z\u00e1\u017eitek, kter\u00fd zachycuje podstatu pou\u0161t\u011b.<\/p>\n","protected":false},"excerpt":{"rendered":"<p>P\u0159ipom\u00edn\u00e1 Au Coeur du D\u00e9sert od Tauer<\/p>\n","protected":false},"featured_media":11764,"comment_status":"open","ping_status":"closed","template":"","meta":[],"product_brand":[],"product_cat":[3463],"product_tag":[1407],"class_list":{"0":"post-11765","1":"product","2":"type-product","3":"status-publish","4":"has-post-thumbnail","6":"product_cat-tauer","7":"product_tag-unisex","9":"first","10":"instock","11":"shipping-taxable","12":"product-type-simple"},"_links":{"self":[{"href":"https:\/\/divainers.com\/cs\/wp-json\/wp\/v2\/product\/11765","targetHints":{"allow":["GET"]}}],"collection":[{"href":"https:\/\/divainers.com\/cs\/wp-json\/wp\/v2\/product"}],"about":[{"href":"https:\/\/divainers.com\/cs\/wp-json\/wp\/v2\/types\/product"}],"replies":[{"embeddable":true,"href":"https:\/\/divainers.com\/cs\/wp-json\/wp\/v2\/comments?post=11765"}],"wp:featuredmedia":[{"embeddable":true,"href":"https:\/\/divainers.com\/cs\/wp-json\/wp\/v2\/media\/11764"}],"wp:attachment":[{"href":"https:\/\/divainers.com\/cs\/wp-json\/wp\/v2\/media?parent=11765"}],"wp:term":[{"taxonomy":"product_brand","embeddable":true,"href":"https:\/\/divainers.com\/cs\/wp-json\/wp\/v2\/product_brand?post=11765"},{"taxonomy":"product_cat","embeddable":true,"href":"https:\/\/divainers.com\/cs\/wp-json\/wp\/v2\/product_cat?post=11765"},{"taxonomy":"product_tag","embeddable":true,"href":"https:\/\/divainers.com\/cs\/wp-json\/wp\/v2\/product_tag?post=11765"}],"curies":[{"name":"wp","href":"https:\/\/api.w.org\/{rel}","templated":true}]}}