{"id":1187,"date":"2025-01-31T08:33:37","date_gmt":"2025-01-31T07:33:37","guid":{"rendered":"https:\/\/divainers.com\/producto\/divain-172\/"},"modified":"2026-04-30T15:58:00","modified_gmt":"2026-04-30T13:58:00","slug":"divain-172","status":"publish","type":"product","link":"https:\/\/divainers.com\/cs\/producto\/divain-172\/","title":{"rendered":"divain.172"},"content":{"rendered":"<p>Sna\u017ean i zavodljiv miris koji utjelovljuje strast i mu\u017eevnu snagu. Njegov \u017eivahan po\u010detak s osvje\u017eavaju\u0107om mentom, zelenom jabukom i sicilijanskim limunom budi osjetila neodoljivom energijom. U srcu, tonka grah i geranij donose za\u010dinjenu i sofisticiranu toplinu, dok baza od madagaskarske vanilije, cedra i vetivera stvara intenzivan i magnetski trag. Savr\u0161en za hrabrog i karizmati\u010dnog mu\u0161karca koji ostavlja nezaboravan dojam gdje god da krene.<\/p>\n","protected":false},"excerpt":{"rendered":"<p>Podsje\u0107a na Eros od Versace<\/p>\n","protected":false},"featured_media":15236,"comment_status":"open","ping_status":"closed","template":"","meta":[],"product_brand":[],"product_cat":[1740],"product_tag":[1434],"class_list":{"0":"post-1187","1":"product","2":"type-product","3":"status-publish","4":"has-post-thumbnail","6":"product_cat-versace","7":"product_tag-zene","9":"first","10":"instock","11":"shipping-taxable","12":"product-type-simple"},"_links":{"self":[{"href":"https:\/\/divainers.com\/cs\/wp-json\/wp\/v2\/product\/1187","targetHints":{"allow":["GET"]}}],"collection":[{"href":"https:\/\/divainers.com\/cs\/wp-json\/wp\/v2\/product"}],"about":[{"href":"https:\/\/divainers.com\/cs\/wp-json\/wp\/v2\/types\/product"}],"replies":[{"embeddable":true,"href":"https:\/\/divainers.com\/cs\/wp-json\/wp\/v2\/comments?post=1187"}],"wp:featuredmedia":[{"embeddable":true,"href":"https:\/\/divainers.com\/cs\/wp-json\/wp\/v2\/media\/15236"}],"wp:attachment":[{"href":"https:\/\/divainers.com\/cs\/wp-json\/wp\/v2\/media?parent=1187"}],"wp:term":[{"taxonomy":"product_brand","embeddable":true,"href":"https:\/\/divainers.com\/cs\/wp-json\/wp\/v2\/product_brand?post=1187"},{"taxonomy":"product_cat","embeddable":true,"href":"https:\/\/divainers.com\/cs\/wp-json\/wp\/v2\/product_cat?post=1187"},{"taxonomy":"product_tag","embeddable":true,"href":"https:\/\/divainers.com\/cs\/wp-json\/wp\/v2\/product_tag?post=1187"}],"curies":[{"name":"wp","href":"https:\/\/api.w.org\/{rel}","templated":true}]}}