{"id":1241,"date":"2025-01-31T08:33:44","date_gmt":"2025-01-31T07:33:44","guid":{"rendered":"https:\/\/divainers.com\/producto\/divain-999\/"},"modified":"2026-04-30T16:17:12","modified_gmt":"2026-04-30T14:17:12","slug":"divain-999","status":"publish","type":"product","link":"https:\/\/divainers.com\/cs\/producto\/divain-999\/","title":{"rendered":"divain.999"},"content":{"rendered":"<p>Zamislite miris koji kombinira vo\u0107ne, cvjetne i drvenaste note, stvaraju\u0107i obavijaju\u0107e i sofisticirano mirisno iskustvo. Ova esencija zapo\u010dinje otvaranjem ananasa, crvenih bobica, jabuke, kardamoma i korijandera, nude\u0107i osje\u0107aj svje\u017eine i vitalnosti. U srcu, bugarska ru\u017ea, turska ru\u017ea, jasmin sambac i magnolija donose cvjetnu slo\u017eenost koja oboga\u0107uje kompoziciju. Baza od vanilije, mo\u0161usa, jantara, ka\u0161mirskog drveta, cedra i mahovine dodaje dubinu i toplinu, zaokru\u017euju\u0107i ovaj jedinstveni miris.<\/p>\n","protected":false},"excerpt":{"rendered":"<p>Podsje\u0107a na Lamar od Kajal<\/p>\n","protected":false},"featured_media":15910,"comment_status":"open","ping_status":"closed","template":"","meta":[],"product_brand":[],"product_cat":[1072],"product_tag":[1410],"class_list":{"0":"post-1241","1":"product","2":"type-product","3":"status-publish","4":"has-post-thumbnail","6":"product_cat-kajal","7":"product_tag-uniseks","9":"first","10":"instock","11":"shipping-taxable","12":"product-type-simple"},"_links":{"self":[{"href":"https:\/\/divainers.com\/cs\/wp-json\/wp\/v2\/product\/1241","targetHints":{"allow":["GET"]}}],"collection":[{"href":"https:\/\/divainers.com\/cs\/wp-json\/wp\/v2\/product"}],"about":[{"href":"https:\/\/divainers.com\/cs\/wp-json\/wp\/v2\/types\/product"}],"replies":[{"embeddable":true,"href":"https:\/\/divainers.com\/cs\/wp-json\/wp\/v2\/comments?post=1241"}],"wp:featuredmedia":[{"embeddable":true,"href":"https:\/\/divainers.com\/cs\/wp-json\/wp\/v2\/media\/15910"}],"wp:attachment":[{"href":"https:\/\/divainers.com\/cs\/wp-json\/wp\/v2\/media?parent=1241"}],"wp:term":[{"taxonomy":"product_brand","embeddable":true,"href":"https:\/\/divainers.com\/cs\/wp-json\/wp\/v2\/product_brand?post=1241"},{"taxonomy":"product_cat","embeddable":true,"href":"https:\/\/divainers.com\/cs\/wp-json\/wp\/v2\/product_cat?post=1241"},{"taxonomy":"product_tag","embeddable":true,"href":"https:\/\/divainers.com\/cs\/wp-json\/wp\/v2\/product_tag?post=1241"}],"curies":[{"name":"wp","href":"https:\/\/api.w.org\/{rel}","templated":true}]}}