{"id":12854,"date":"2025-01-31T08:33:28","date_gmt":"2025-01-31T07:33:28","guid":{"rendered":"https:\/\/divainers.com\/producto\/divain-426\/"},"modified":"2026-04-30T16:19:44","modified_gmt":"2026-04-30T14:19:44","slug":"divain-426","status":"publish","type":"product","link":"https:\/\/divainers.com\/cs\/producto\/divain-426\/","title":{"rendered":"divain.426"},"content":{"rendered":"<p>Magnetick\u00e1 a obklopuj\u00edc\u00ed v\u016fn\u011b, kter\u00e1 probouz\u00ed smysly svou bohatou sm\u011bs\u00ed \u0161\u0165avnat\u00e9ho ovoce a smysln\u00e9ho d\u0159eva. Od prvn\u00edho okam\u017eiku exploduje ovocn\u00e1 kombinace marakuji, broskve a \u010dern\u00e9ho ryb\u00edzu, kter\u00e1 napln\u00ed vzduch exotickou a l\u00e1kavou sladkost\u00ed. V srdci se jemn\u00fd kv\u011btinov\u00fd akord prol\u00edn\u00e1 s jantarov\u00fdmi t\u00f3ny, dod\u00e1vaj\u00edc\u00ed hloubku a tajemstv\u00ed. Nakonec z\u00e1klad z pi\u017ema, pa\u010duli a santalov\u00e9ho d\u0159eva vytv\u00e1\u0159\u00ed kr\u00e9movou a n\u00e1vykovou stopu, kter\u00e1 zanech\u00e1v\u00e1 nezapomenuteln\u00fd dojem. Hypnotick\u00e1 a sv\u016fdn\u00e1 v\u016fn\u011b, ide\u00e1ln\u00ed pro ty, kte\u0159\u00ed hledaj\u00ed intenzivn\u00ed, sofistikovanou a osobitou parf\u00e9movou kompozici.<\/p>\n","protected":false},"excerpt":{"rendered":"<p>P\u0159ipom\u00edn\u00e1 Kirke od Tiziana Terenzi<\/p>\n","protected":false},"featured_media":12851,"comment_status":"open","ping_status":"closed","template":"","meta":[],"product_brand":[],"product_cat":[4009],"product_tag":[1407],"class_list":{"0":"post-12854","1":"product","2":"type-product","3":"status-publish","4":"has-post-thumbnail","6":"product_cat-tiziana-terenzi","7":"product_tag-unisex","9":"first","10":"instock","11":"shipping-taxable","12":"product-type-simple"},"_links":{"self":[{"href":"https:\/\/divainers.com\/cs\/wp-json\/wp\/v2\/product\/12854","targetHints":{"allow":["GET"]}}],"collection":[{"href":"https:\/\/divainers.com\/cs\/wp-json\/wp\/v2\/product"}],"about":[{"href":"https:\/\/divainers.com\/cs\/wp-json\/wp\/v2\/types\/product"}],"replies":[{"embeddable":true,"href":"https:\/\/divainers.com\/cs\/wp-json\/wp\/v2\/comments?post=12854"}],"wp:featuredmedia":[{"embeddable":true,"href":"https:\/\/divainers.com\/cs\/wp-json\/wp\/v2\/media\/12851"}],"wp:attachment":[{"href":"https:\/\/divainers.com\/cs\/wp-json\/wp\/v2\/media?parent=12854"}],"wp:term":[{"taxonomy":"product_brand","embeddable":true,"href":"https:\/\/divainers.com\/cs\/wp-json\/wp\/v2\/product_brand?post=12854"},{"taxonomy":"product_cat","embeddable":true,"href":"https:\/\/divainers.com\/cs\/wp-json\/wp\/v2\/product_cat?post=12854"},{"taxonomy":"product_tag","embeddable":true,"href":"https:\/\/divainers.com\/cs\/wp-json\/wp\/v2\/product_tag?post=12854"}],"curies":[{"name":"wp","href":"https:\/\/api.w.org\/{rel}","templated":true}]}}