{"id":13419,"date":"2025-01-31T08:33:35","date_gmt":"2025-01-31T07:33:35","guid":{"rendered":"https:\/\/divainers.com\/producto\/divain-092\/"},"modified":"2026-04-30T16:19:59","modified_gmt":"2026-04-30T14:19:59","slug":"divain-092","status":"publish","type":"product","link":"https:\/\/divainers.com\/cs\/producto\/divain-092\/","title":{"rendered":"divain.092"},"content":{"rendered":"<p>\u010cerstv\u00e1 a \u017eiv\u00e1 v\u016fn\u011b, kter\u00e1 zachycuje podstatu ml\u00e1d\u00ed a svobody. Jej\u00ed jisk\u0159iv\u00fd \u00favod z jablka, \u010dern\u00e9ho ryb\u00edzu a mandarinky p\u0159in\u00e1\u0161\u00ed jasnou a osv\u011b\u017euj\u00edc\u00ed energii. V srdci v\u016fn\u011b kombinuje r\u016f\u017ee, lilie a jasm\u00edn jemnou a p\u0159irozenou \u017eenskost. V z\u00e1kladu pak santalov\u00e9 d\u0159evo a cedr vytv\u00e1\u0159ej\u00ed tepl\u00fd a lehk\u00fd stopu, ide\u00e1ln\u00ed pro spont\u00e1nn\u00ed, optimistickou \u017eenu se svobodn\u00fdm duchem, kter\u00e1 si u\u017e\u00edv\u00e1 ka\u017ed\u00fd okam\u017eik.<\/p>\n","protected":false},"excerpt":{"rendered":"<p>P\u0159ipom\u00edn\u00e1 Tommy Girl od Tommy Hilfiger<\/p>\n","protected":false},"featured_media":13416,"comment_status":"open","ping_status":"closed","template":"","meta":[],"product_brand":[],"product_cat":[4275],"product_tag":[1430],"class_list":{"0":"post-13419","1":"product","2":"type-product","3":"status-publish","4":"has-post-thumbnail","6":"product_cat-tommy-hilfiger","7":"product_tag-zeny","9":"first","10":"instock","11":"shipping-taxable","12":"product-type-simple"},"_links":{"self":[{"href":"https:\/\/divainers.com\/cs\/wp-json\/wp\/v2\/product\/13419","targetHints":{"allow":["GET"]}}],"collection":[{"href":"https:\/\/divainers.com\/cs\/wp-json\/wp\/v2\/product"}],"about":[{"href":"https:\/\/divainers.com\/cs\/wp-json\/wp\/v2\/types\/product"}],"replies":[{"embeddable":true,"href":"https:\/\/divainers.com\/cs\/wp-json\/wp\/v2\/comments?post=13419"}],"wp:featuredmedia":[{"embeddable":true,"href":"https:\/\/divainers.com\/cs\/wp-json\/wp\/v2\/media\/13416"}],"wp:attachment":[{"href":"https:\/\/divainers.com\/cs\/wp-json\/wp\/v2\/media?parent=13419"}],"wp:term":[{"taxonomy":"product_brand","embeddable":true,"href":"https:\/\/divainers.com\/cs\/wp-json\/wp\/v2\/product_brand?post=13419"},{"taxonomy":"product_cat","embeddable":true,"href":"https:\/\/divainers.com\/cs\/wp-json\/wp\/v2\/product_cat?post=13419"},{"taxonomy":"product_tag","embeddable":true,"href":"https:\/\/divainers.com\/cs\/wp-json\/wp\/v2\/product_tag?post=13419"}],"curies":[{"name":"wp","href":"https:\/\/api.w.org\/{rel}","templated":true}]}}