{"id":13933,"date":"2025-01-31T08:33:35","date_gmt":"2025-01-31T07:33:35","guid":{"rendered":"https:\/\/divainers.com\/producto\/divain-061\/"},"modified":"2026-04-30T16:20:14","modified_gmt":"2026-04-30T14:20:14","slug":"divain-061","status":"publish","type":"product","link":"https:\/\/divainers.com\/cs\/producto\/divain-061\/","title":{"rendered":"divain.061"},"content":{"rendered":"<p>Jemn\u00e1 a elegantn\u00ed v\u016fn\u011b, kter\u00e1 v ka\u017ed\u00e9 not\u011b vyza\u0159uje sv\u011b\u017eest a jemnost. Jej\u00ed z\u00e1\u0159iv\u00fd \u00favod z bergamotu a fialkov\u00fdch list\u016f p\u0159in\u00e1\u0161\u00ed citrusov\u00fd a zelen\u00fd n\u00e1dech, zat\u00edmco kv\u011btinov\u00e9 srdce z r\u016f\u017ee, pivo\u0148ky a jasm\u00ednu obaluje v\u016fni \u017eenskost\u00ed a sofistikovanost\u00ed. V z\u00e1kladu b\u00edl\u00fd pi\u017emo a cedr vytv\u00e1\u0159ej\u00ed teplou a obklopuj\u00edc\u00ed stopu, ide\u00e1ln\u00ed pro jemnou, elegantn\u00ed \u017eenu s p\u0159irozen\u00fdm p\u016fvabem.<\/p>\n","protected":false},"excerpt":{"rendered":"<p>P\u0159ipom\u00edn\u00e1 Tous od Tous<\/p>\n","protected":false},"featured_media":13928,"comment_status":"open","ping_status":"closed","template":"","meta":[],"product_brand":[],"product_cat":[4523],"product_tag":[1430],"class_list":{"0":"post-13933","1":"product","2":"type-product","3":"status-publish","4":"has-post-thumbnail","6":"product_cat-tous","7":"product_tag-zeny","9":"first","10":"instock","11":"shipping-taxable","12":"product-type-simple"},"_links":{"self":[{"href":"https:\/\/divainers.com\/cs\/wp-json\/wp\/v2\/product\/13933","targetHints":{"allow":["GET"]}}],"collection":[{"href":"https:\/\/divainers.com\/cs\/wp-json\/wp\/v2\/product"}],"about":[{"href":"https:\/\/divainers.com\/cs\/wp-json\/wp\/v2\/types\/product"}],"replies":[{"embeddable":true,"href":"https:\/\/divainers.com\/cs\/wp-json\/wp\/v2\/comments?post=13933"}],"wp:featuredmedia":[{"embeddable":true,"href":"https:\/\/divainers.com\/cs\/wp-json\/wp\/v2\/media\/13928"}],"wp:attachment":[{"href":"https:\/\/divainers.com\/cs\/wp-json\/wp\/v2\/media?parent=13933"}],"wp:term":[{"taxonomy":"product_brand","embeddable":true,"href":"https:\/\/divainers.com\/cs\/wp-json\/wp\/v2\/product_brand?post=13933"},{"taxonomy":"product_cat","embeddable":true,"href":"https:\/\/divainers.com\/cs\/wp-json\/wp\/v2\/product_cat?post=13933"},{"taxonomy":"product_tag","embeddable":true,"href":"https:\/\/divainers.com\/cs\/wp-json\/wp\/v2\/product_tag?post=13933"}],"curies":[{"name":"wp","href":"https:\/\/api.w.org\/{rel}","templated":true}]}}