{"id":338,"date":"2025-01-31T08:31:51","date_gmt":"2025-01-31T07:31:51","guid":{"rendered":"https:\/\/divainers.com\/producto\/divain-839\/"},"modified":"2026-04-30T16:20:34","modified_gmt":"2026-04-30T14:20:34","slug":"divain-839","status":"publish","type":"product","link":"https:\/\/divainers.com\/cs\/producto\/divain-839\/","title":{"rendered":"divain.839"},"content":{"rendered":"<p>Tato unisex v\u016fn\u011b kombinuje ko\u0159en\u011bn\u00e9 a sladk\u00e9 t\u00f3ny, s \u00favodem sko\u0159ice a r\u016f\u017eov\u00e9ho pep\u0159e, kter\u00e9 p\u0159in\u00e1\u0161ej\u00ed teplo a jemn\u00fd pikantn\u00ed n\u00e1dech. V srdci se propojuje med a r\u016f\u017ee, nab\u00edzej\u00edc\u00ed jemnou sladkost a kv\u011btinovou sv\u011b\u017eest. Z\u00e1klad z dubu, atlasov\u00e9ho cedru a vetiveru dod\u00e1v\u00e1 d\u0159evitou a zemitou hloubku, evokuj\u00edc\u00ed majest\u00e1tnost hor za soumraku. Ide\u00e1ln\u00ed pro ty, kte\u0159\u00ed hledaj\u00ed teplou, \u00fatulnou a sofistikovanou esenci.<\/p>\n","protected":false},"excerpt":{"rendered":"<p>P\u0159ipom\u00edn\u00e1 Crimson Rocks od Amouage<\/p>\n","protected":false},"featured_media":15917,"comment_status":"open","ping_status":"closed","template":"","meta":[],"product_brand":[],"product_cat":[1568],"product_tag":[1389],"class_list":{"0":"post-338","1":"product","2":"type-product","3":"status-publish","4":"has-post-thumbnail","6":"product_cat-amouage","7":"product_tag-unisex","9":"first","10":"instock","11":"shipping-taxable","12":"product-type-simple"},"_links":{"self":[{"href":"https:\/\/divainers.com\/cs\/wp-json\/wp\/v2\/product\/338","targetHints":{"allow":["GET"]}}],"collection":[{"href":"https:\/\/divainers.com\/cs\/wp-json\/wp\/v2\/product"}],"about":[{"href":"https:\/\/divainers.com\/cs\/wp-json\/wp\/v2\/types\/product"}],"replies":[{"embeddable":true,"href":"https:\/\/divainers.com\/cs\/wp-json\/wp\/v2\/comments?post=338"}],"wp:featuredmedia":[{"embeddable":true,"href":"https:\/\/divainers.com\/cs\/wp-json\/wp\/v2\/media\/15917"}],"wp:attachment":[{"href":"https:\/\/divainers.com\/cs\/wp-json\/wp\/v2\/media?parent=338"}],"wp:term":[{"taxonomy":"product_brand","embeddable":true,"href":"https:\/\/divainers.com\/cs\/wp-json\/wp\/v2\/product_brand?post=338"},{"taxonomy":"product_cat","embeddable":true,"href":"https:\/\/divainers.com\/cs\/wp-json\/wp\/v2\/product_cat?post=338"},{"taxonomy":"product_tag","embeddable":true,"href":"https:\/\/divainers.com\/cs\/wp-json\/wp\/v2\/product_tag?post=338"}],"curies":[{"name":"wp","href":"https:\/\/api.w.org\/{rel}","templated":true}]}}