{"id":392,"date":"2025-01-31T08:31:57","date_gmt":"2025-01-31T07:31:57","guid":{"rendered":"https:\/\/divainers.com\/producto\/divain-915\/"},"modified":"2026-04-30T16:21:36","modified_gmt":"2026-04-30T14:21:36","slug":"divain-915","status":"publish","type":"product","link":"https:\/\/divainers.com\/cs\/producto\/divain-915\/","title":{"rendered":"divain.915"},"content":{"rendered":"<p>Jemn\u00e1 a obklopuj\u00edc\u00ed v\u016fn\u011b, kter\u00e1 zachycuje podstatu n\u011bhy a smyslnosti v n\u011b\u017en\u00e9m objet\u00ed. Od prvn\u00edho okam\u017eiku se explozivn\u00ed aroma mandle m\u00eds\u00ed se sladk\u00fdm dotekem vanilky a kv\u011btu mandle, vytv\u00e1\u0159ej\u00edc\u00ed pocit jemnosti a pohodl\u00ed, kter\u00fd hlad\u00ed poko\u017eku. Jak se v\u016fn\u011b rozv\u00edj\u00ed, kv\u011btinov\u00e9 t\u00f3ny irisu a r\u016f\u017ee p\u0159in\u00e1\u0161ej\u00ed vyt\u0159\u00edbenou eleganci, zat\u00edmco z\u00e1klad z pi\u017ema a cedru dod\u00e1v\u00e1 hloubku a teplo, obaluj\u00edc\u00ed parf\u00e9m sametovou a tajemnou stopou. Tento parf\u00e9m je ide\u00e1ln\u00ed pro ty, kte\u0159\u00ed hledaj\u00ed vonn\u00fd z\u00e1\u017eitek spojuj\u00edc\u00ed sladkost, eleganci a smyslnost, zanech\u00e1vaj\u00edc\u00ed jemnou, ale trvalou stopu, perfektn\u00ed pro ty, kte\u0159\u00ed se cht\u011bj\u00ed c\u00edtit obklopeni objet\u00edm l\u00e1sky a sofistikovanosti.<\/p>\n","protected":false},"excerpt":{"rendered":"<p>P\u0159ipom\u00edn\u00e1 Rolling in love by Kilian<\/p>\n","protected":false},"featured_media":15956,"comment_status":"open","ping_status":"closed","template":"","meta":[],"product_brand":[],"product_cat":[1951],"product_tag":[1407],"class_list":{"0":"post-392","1":"product","2":"type-product","3":"status-publish","4":"has-post-thumbnail","6":"product_cat-by-kilian","7":"product_tag-unisex","9":"first","10":"instock","11":"shipping-taxable","12":"product-type-simple"},"_links":{"self":[{"href":"https:\/\/divainers.com\/cs\/wp-json\/wp\/v2\/product\/392","targetHints":{"allow":["GET"]}}],"collection":[{"href":"https:\/\/divainers.com\/cs\/wp-json\/wp\/v2\/product"}],"about":[{"href":"https:\/\/divainers.com\/cs\/wp-json\/wp\/v2\/types\/product"}],"replies":[{"embeddable":true,"href":"https:\/\/divainers.com\/cs\/wp-json\/wp\/v2\/comments?post=392"}],"wp:featuredmedia":[{"embeddable":true,"href":"https:\/\/divainers.com\/cs\/wp-json\/wp\/v2\/media\/15956"}],"wp:attachment":[{"href":"https:\/\/divainers.com\/cs\/wp-json\/wp\/v2\/media?parent=392"}],"wp:term":[{"taxonomy":"product_brand","embeddable":true,"href":"https:\/\/divainers.com\/cs\/wp-json\/wp\/v2\/product_brand?post=392"},{"taxonomy":"product_cat","embeddable":true,"href":"https:\/\/divainers.com\/cs\/wp-json\/wp\/v2\/product_cat?post=392"},{"taxonomy":"product_tag","embeddable":true,"href":"https:\/\/divainers.com\/cs\/wp-json\/wp\/v2\/product_tag?post=392"}],"curies":[{"name":"wp","href":"https:\/\/api.w.org\/{rel}","templated":true}]}}