{"id":422,"date":"2025-01-31T08:32:01","date_gmt":"2025-01-31T07:32:01","guid":{"rendered":"https:\/\/divainers.com\/producto\/divain-037\/"},"modified":"2026-04-30T16:22:15","modified_gmt":"2026-04-30T14:22:15","slug":"divain-037","status":"publish","type":"product","link":"https:\/\/divainers.com\/cs\/producto\/divain-037\/","title":{"rendered":"divain.037"},"content":{"rendered":"<p>Sv\u016fdn\u00e1 a tajemn\u00e1 v\u016fn\u011b, kter\u00e1 kombinuje sv\u011b\u017eest a teplo v podmaniv\u00e9 harmonii. Jej\u00ed ko\u0159en\u011bn\u00fd \u00favod z\u00e1zvorem a \u010dern\u00fdm pep\u0159em probouz\u00ed smysly s \u017eiv\u00fdm a magnetick\u00fdm n\u00e1dechem. V srdci v\u016fn\u011b bazalka a \u0161alv\u011bj p\u0159id\u00e1vaj\u00ed aromatickou hloubku, zat\u00edmco v z\u00e1kladu jantar, pa\u010duli a mahagonov\u00e9 d\u0159evo vytv\u00e1\u0159ej\u00ed tepl\u00fd a obklopuj\u00edc\u00ed stopu. Ide\u00e1ln\u00ed pro modern\u00edho a charismatick\u00e9ho mu\u017ee, kter\u00fd zanech\u00e1v\u00e1 dojem svou p\u0159\u00edtomnost\u00ed.<\/p>\n","protected":false},"excerpt":{"rendered":"<p>P\u0159ipom\u00edn\u00e1 Euphoria od Calvin Klein<\/p>\n","protected":false},"featured_media":15982,"comment_status":"open","ping_status":"closed","template":"","meta":[],"product_brand":[],"product_cat":[2040],"product_tag":[1341],"class_list":{"0":"post-422","1":"product","2":"type-product","3":"status-publish","4":"has-post-thumbnail","6":"product_cat-calvin-klein","7":"product_tag-muzi","9":"first","10":"instock","11":"shipping-taxable","12":"product-type-simple"},"_links":{"self":[{"href":"https:\/\/divainers.com\/cs\/wp-json\/wp\/v2\/product\/422","targetHints":{"allow":["GET"]}}],"collection":[{"href":"https:\/\/divainers.com\/cs\/wp-json\/wp\/v2\/product"}],"about":[{"href":"https:\/\/divainers.com\/cs\/wp-json\/wp\/v2\/types\/product"}],"replies":[{"embeddable":true,"href":"https:\/\/divainers.com\/cs\/wp-json\/wp\/v2\/comments?post=422"}],"wp:featuredmedia":[{"embeddable":true,"href":"https:\/\/divainers.com\/cs\/wp-json\/wp\/v2\/media\/15982"}],"wp:attachment":[{"href":"https:\/\/divainers.com\/cs\/wp-json\/wp\/v2\/media?parent=422"}],"wp:term":[{"taxonomy":"product_brand","embeddable":true,"href":"https:\/\/divainers.com\/cs\/wp-json\/wp\/v2\/product_brand?post=422"},{"taxonomy":"product_cat","embeddable":true,"href":"https:\/\/divainers.com\/cs\/wp-json\/wp\/v2\/product_cat?post=422"},{"taxonomy":"product_tag","embeddable":true,"href":"https:\/\/divainers.com\/cs\/wp-json\/wp\/v2\/product_tag?post=422"}],"curies":[{"name":"wp","href":"https:\/\/api.w.org\/{rel}","templated":true}]}}