{"id":428,"date":"2025-01-31T08:32:01","date_gmt":"2025-01-31T07:32:01","guid":{"rendered":"https:\/\/divainers.com\/producto\/divain-302\/"},"modified":"2026-03-16T16:07:21","modified_gmt":"2026-03-16T15:07:21","slug":"divain-302","status":"publish","type":"product","link":"https:\/\/divainers.com\/cs\/producto\/divain-302\/","title":{"rendered":"divain.302"},"content":{"rendered":"<p>Es una fragancia fresca y moderna con un car\u00e1cter c\u00edtrico y limpio. Su apertura es vibrante, dominada por notas de naranja y jengibre, que aportan un toque energizante y ligero. En el coraz\u00f3n, el t\u00e9 y las notas acu\u00e1ticas le dan un aire fresco y transparente. La base es suave y c\u00e1lida, con almizcle, cedro y un toque de \u00e1mbar que equilibran la composici\u00f3n. Es vers\u00e1til, unisex y perfecta para el d\u00eda a d\u00eda, con una sensaci\u00f3n de pureza y naturalidad.<\/p>\n","protected":false},"excerpt":{"rendered":"<p>Recuerda a CK Everyone de Calvin Klein<\/p>\n","protected":false},"featured_media":3763,"comment_status":"open","ping_status":"closed","template":"","meta":[],"product_brand":[],"product_cat":[2046],"product_tag":[1383],"class_list":{"0":"post-428","1":"product","2":"type-product","3":"status-publish","4":"has-post-thumbnail","6":"product_cat-calvin-klein","7":"product_tag-unisex","9":"first","10":"instock","11":"shipping-taxable","12":"product-type-simple"},"_links":{"self":[{"href":"https:\/\/divainers.com\/cs\/wp-json\/wp\/v2\/product\/428","targetHints":{"allow":["GET"]}}],"collection":[{"href":"https:\/\/divainers.com\/cs\/wp-json\/wp\/v2\/product"}],"about":[{"href":"https:\/\/divainers.com\/cs\/wp-json\/wp\/v2\/types\/product"}],"replies":[{"embeddable":true,"href":"https:\/\/divainers.com\/cs\/wp-json\/wp\/v2\/comments?post=428"}],"wp:featuredmedia":[{"embeddable":true,"href":"https:\/\/divainers.com\/cs\/wp-json\/wp\/v2\/media\/3763"}],"wp:attachment":[{"href":"https:\/\/divainers.com\/cs\/wp-json\/wp\/v2\/media?parent=428"}],"wp:term":[{"taxonomy":"product_brand","embeddable":true,"href":"https:\/\/divainers.com\/cs\/wp-json\/wp\/v2\/product_brand?post=428"},{"taxonomy":"product_cat","embeddable":true,"href":"https:\/\/divainers.com\/cs\/wp-json\/wp\/v2\/product_cat?post=428"},{"taxonomy":"product_tag","embeddable":true,"href":"https:\/\/divainers.com\/cs\/wp-json\/wp\/v2\/product_tag?post=428"}],"curies":[{"name":"wp","href":"https:\/\/api.w.org\/{rel}","templated":true}]}}