{"id":485,"date":"2025-01-31T08:32:09","date_gmt":"2025-01-31T07:32:09","guid":{"rendered":"https:\/\/divainers.com\/producto\/divain-228\/"},"modified":"2026-04-30T16:23:25","modified_gmt":"2026-04-30T14:23:25","slug":"divain-228","status":"publish","type":"product","link":"https:\/\/divainers.com\/cs\/producto\/divain-228\/","title":{"rendered":"divain.228"},"content":{"rendered":"<p>Ikonick\u00e1 v\u016fn\u011b, kter\u00e1 vyza\u0159uje s\u00edlu, sofistikovanost a eleganci. Jej\u00ed \u00favod je \u010derstv\u00fd a ovocn\u00fd v\u00fdbuch s t\u00f3ny ananasu, bergamotu, \u010dern\u00e9ho ryb\u00edzu a jablka, vytv\u00e1\u0159ej\u00edc\u00ed pocit \u017eiv\u00e9 a exotick\u00e9 sv\u011b\u017eesti. V srdci se kv\u011btinov\u00e9 t\u00f3ny r\u016f\u017ee a jasm\u00ednu spojuj\u00ed s tepl\u00fdm kou\u0159em jedlov\u00e9ho d\u0159eva, zat\u00edmco d\u0159evit\u00fd z\u00e1klad z dubov\u00e9ho mechu, pi\u017ema a vanilky dod\u00e1v\u00e1 bohatou a rafinovanou hloubku. D\u00edky sv\u00e9 dlouhotrvaj\u00edc\u00ed stop\u011b a sofistikovan\u00e9mu charakteru je tato v\u016fn\u011b ide\u00e1ln\u00ed pro mu\u017ee, kter\u00fd hled\u00e1 impozantn\u00ed p\u0159\u00edtomnost, vhodn\u00e1 pro zvl\u00e1\u0161tn\u00ed p\u0159\u00edle\u017eitosti nebo jak\u00fdkoli okam\u017eik, kdy chce zanechat nezapomenuteln\u00fd dojem.<\/p>\n","protected":false},"excerpt":{"rendered":"<p>P\u0159ipom\u00edn\u00e1 Aventus od Creed<\/p>\n","protected":false},"featured_media":16035,"comment_status":"open","ping_status":"closed","template":"","meta":[],"product_brand":[],"product_cat":[222],"product_tag":[1341],"class_list":{"0":"post-485","1":"product","2":"type-product","3":"status-publish","4":"has-post-thumbnail","6":"product_cat-creed","7":"product_tag-muzi","9":"first","10":"instock","11":"shipping-taxable","12":"product-type-simple"},"_links":{"self":[{"href":"https:\/\/divainers.com\/cs\/wp-json\/wp\/v2\/product\/485","targetHints":{"allow":["GET"]}}],"collection":[{"href":"https:\/\/divainers.com\/cs\/wp-json\/wp\/v2\/product"}],"about":[{"href":"https:\/\/divainers.com\/cs\/wp-json\/wp\/v2\/types\/product"}],"replies":[{"embeddable":true,"href":"https:\/\/divainers.com\/cs\/wp-json\/wp\/v2\/comments?post=485"}],"wp:featuredmedia":[{"embeddable":true,"href":"https:\/\/divainers.com\/cs\/wp-json\/wp\/v2\/media\/16035"}],"wp:attachment":[{"href":"https:\/\/divainers.com\/cs\/wp-json\/wp\/v2\/media?parent=485"}],"wp:term":[{"taxonomy":"product_brand","embeddable":true,"href":"https:\/\/divainers.com\/cs\/wp-json\/wp\/v2\/product_brand?post=485"},{"taxonomy":"product_cat","embeddable":true,"href":"https:\/\/divainers.com\/cs\/wp-json\/wp\/v2\/product_cat?post=485"},{"taxonomy":"product_tag","embeddable":true,"href":"https:\/\/divainers.com\/cs\/wp-json\/wp\/v2\/product_tag?post=485"}],"curies":[{"name":"wp","href":"https:\/\/api.w.org\/{rel}","templated":true}]}}