{"id":492,"date":"2025-01-31T08:32:10","date_gmt":"2025-01-31T07:32:10","guid":{"rendered":"https:\/\/divainers.com\/producto\/divain-666\/"},"modified":"2026-04-30T16:23:34","modified_gmt":"2026-04-30T14:23:34","slug":"divain-666","status":"publish","type":"product","link":"https:\/\/divainers.com\/cs\/producto\/divain-666\/","title":{"rendered":"divain.666"},"content":{"rendered":"<p>\u010cerstv\u00e1 a osv\u011b\u017euj\u00edc\u00ed v\u016fn\u011b, kter\u00e1 evokuje \u010distotu hor a klid nedot\u010den\u00fdch krajin. Otev\u00edr\u00e1 se exploz\u00ed citrusov\u00fdch a zelen\u00fdch t\u00f3n\u016f, kde se bergamot a ovocn\u00e9 noty m\u00eds\u00ed s jemnou vodn\u00ed sv\u011b\u017eest\u00ed, vytv\u00e1\u0159ej\u00edc\u00ed pocit \u010dist\u00e9ho a revitalizuj\u00edc\u00edho vzduchu. Srdce odhaluje jemn\u00fd kv\u011btinov\u00fd akord s t\u00f3ny zelen\u00e9ho \u010daje a sv\u011b\u017e\u00edch b\u00edl\u00fdch kv\u011btin, kter\u00e9 p\u0159in\u00e1\u0161ej\u00ed lehkost a eleganci. V z\u00e1kladu d\u0159evit\u00e9 t\u00f3ny pi\u017ema a santalov\u00e9ho d\u0159eva dod\u00e1vaj\u00ed hloubku a jemnost, zanech\u00e1vaj\u00ed \u010distou a sv\u011b\u017e\u00ed stopu. Tato v\u016fn\u011b je ide\u00e1ln\u00ed pro ty, kte\u0159\u00ed hledaj\u00ed sv\u011b\u017e\u00ed, p\u0159\u00edrodn\u00ed a rafinovan\u00fd z\u00e1\u017eitek, perfektn\u00ed pro ka\u017edodenn\u00ed no\u0161en\u00ed nebo chv\u00edle odpo\u010dinku.<\/p>\n","protected":false},"excerpt":{"rendered":"<p>P\u0159ipom\u00edn\u00e1 Silver Mountain Water od Creed<\/p>\n","protected":false},"featured_media":16042,"comment_status":"open","ping_status":"closed","template":"","meta":[],"product_brand":[],"product_cat":[2264],"product_tag":[1407],"class_list":{"0":"post-492","1":"product","2":"type-product","3":"status-publish","4":"has-post-thumbnail","6":"product_cat-creed","7":"product_tag-unisex","9":"first","10":"instock","11":"shipping-taxable","12":"product-type-simple"},"_links":{"self":[{"href":"https:\/\/divainers.com\/cs\/wp-json\/wp\/v2\/product\/492","targetHints":{"allow":["GET"]}}],"collection":[{"href":"https:\/\/divainers.com\/cs\/wp-json\/wp\/v2\/product"}],"about":[{"href":"https:\/\/divainers.com\/cs\/wp-json\/wp\/v2\/types\/product"}],"replies":[{"embeddable":true,"href":"https:\/\/divainers.com\/cs\/wp-json\/wp\/v2\/comments?post=492"}],"wp:featuredmedia":[{"embeddable":true,"href":"https:\/\/divainers.com\/cs\/wp-json\/wp\/v2\/media\/16042"}],"wp:attachment":[{"href":"https:\/\/divainers.com\/cs\/wp-json\/wp\/v2\/media?parent=492"}],"wp:term":[{"taxonomy":"product_brand","embeddable":true,"href":"https:\/\/divainers.com\/cs\/wp-json\/wp\/v2\/product_brand?post=492"},{"taxonomy":"product_cat","embeddable":true,"href":"https:\/\/divainers.com\/cs\/wp-json\/wp\/v2\/product_cat?post=492"},{"taxonomy":"product_tag","embeddable":true,"href":"https:\/\/divainers.com\/cs\/wp-json\/wp\/v2\/product_tag?post=492"}],"curies":[{"name":"wp","href":"https:\/\/api.w.org\/{rel}","templated":true}]}}