{"id":504,"date":"2025-01-31T08:32:11","date_gmt":"2025-01-31T07:32:11","guid":{"rendered":"https:\/\/divainers.com\/producto\/divain-377\/"},"modified":"2026-03-16T16:07:28","modified_gmt":"2026-03-16T15:07:28","slug":"divain-377","status":"publish","type":"product","link":"https:\/\/divainers.com\/cs\/producto\/divain-377\/","title":{"rendered":"divain.377"},"content":{"rendered":"<p>Una combinaci\u00f3n c\u00e1lida y moderna donde las notas amaderadas se fusionan con toques especiados y un fondo reconfortante de vainilla y \u00e1mbar. Su car\u00e1cter urbano y vers\u00e1til lo hace perfecto para quienes buscan una fragancia contempor\u00e1nea con personalidad.<\/p>\n","protected":false},"excerpt":{"rendered":"<p>Recuerda a D de Diesel<\/p>\n","protected":false},"featured_media":4440,"comment_status":"open","ping_status":"closed","template":"","meta":[],"product_brand":[],"product_cat":[2377],"product_tag":[29],"class_list":{"0":"post-504","1":"product","2":"type-product","3":"status-publish","4":"has-post-thumbnail","6":"product_cat-diesel","7":"product_tag-unisex","9":"first","10":"instock","11":"shipping-taxable","12":"product-type-simple"},"_links":{"self":[{"href":"https:\/\/divainers.com\/cs\/wp-json\/wp\/v2\/product\/504","targetHints":{"allow":["GET"]}}],"collection":[{"href":"https:\/\/divainers.com\/cs\/wp-json\/wp\/v2\/product"}],"about":[{"href":"https:\/\/divainers.com\/cs\/wp-json\/wp\/v2\/types\/product"}],"replies":[{"embeddable":true,"href":"https:\/\/divainers.com\/cs\/wp-json\/wp\/v2\/comments?post=504"}],"wp:featuredmedia":[{"embeddable":true,"href":"https:\/\/divainers.com\/cs\/wp-json\/wp\/v2\/media\/4440"}],"wp:attachment":[{"href":"https:\/\/divainers.com\/cs\/wp-json\/wp\/v2\/media?parent=504"}],"wp:term":[{"taxonomy":"product_brand","embeddable":true,"href":"https:\/\/divainers.com\/cs\/wp-json\/wp\/v2\/product_brand?post=504"},{"taxonomy":"product_cat","embeddable":true,"href":"https:\/\/divainers.com\/cs\/wp-json\/wp\/v2\/product_cat?post=504"},{"taxonomy":"product_tag","embeddable":true,"href":"https:\/\/divainers.com\/cs\/wp-json\/wp\/v2\/product_tag?post=504"}],"curies":[{"name":"wp","href":"https:\/\/api.w.org\/{rel}","templated":true}]}}