{"id":550,"date":"2025-01-31T08:32:17","date_gmt":"2025-01-31T07:32:17","guid":{"rendered":"https:\/\/divainers.com\/producto\/divain-801\/"},"modified":"2026-03-16T16:07:31","modified_gmt":"2026-03-16T15:07:31","slug":"divain-801","status":"publish","type":"product","link":"https:\/\/divainers.com\/cs\/producto\/divain-801\/","title":{"rendered":"divain.801"},"content":{"rendered":"<p>\u200b<span class=\"relative -mx-px my-[-0.2rem] rounded px-px py-[0.2rem]\">Esta fragancia unisex se caracteriza por una apertura fresca y especiada, donde las notas de clavel predominan en todas sus fases, ofreciendo una experiencia olfativa vibrante y energ\u00e9tica.<\/span> <span class=\"relative -mx-px my-[-0.2rem] rounded px-px py-[0.2rem]\">Ideal para el uso diurno, especialmente en primavera, su intensidad moderada la convierte en una opci\u00f3n refrescante y alegre para quienes buscan una esencia que evoque vitalidad y un esp\u00edritu juguet\u00f3n.<\/span><\/p>\n","protected":false},"excerpt":{"rendered":"<p>Recuerda a Raspberry de divain.\u00ae Monofragancias<\/p>\n","protected":false},"featured_media":3969,"comment_status":"open","ping_status":"closed","template":"","meta":[],"product_brand":[],"product_cat":[2430],"product_tag":[1413],"class_list":{"0":"post-550","1":"product","2":"type-product","3":"status-publish","4":"has-post-thumbnail","6":"product_cat-divain-monofragancias","7":"product_tag-1413","9":"first","10":"instock","11":"shipping-taxable","12":"product-type-simple"},"_links":{"self":[{"href":"https:\/\/divainers.com\/cs\/wp-json\/wp\/v2\/product\/550","targetHints":{"allow":["GET"]}}],"collection":[{"href":"https:\/\/divainers.com\/cs\/wp-json\/wp\/v2\/product"}],"about":[{"href":"https:\/\/divainers.com\/cs\/wp-json\/wp\/v2\/types\/product"}],"replies":[{"embeddable":true,"href":"https:\/\/divainers.com\/cs\/wp-json\/wp\/v2\/comments?post=550"}],"wp:featuredmedia":[{"embeddable":true,"href":"https:\/\/divainers.com\/cs\/wp-json\/wp\/v2\/media\/3969"}],"wp:attachment":[{"href":"https:\/\/divainers.com\/cs\/wp-json\/wp\/v2\/media?parent=550"}],"wp:term":[{"taxonomy":"product_brand","embeddable":true,"href":"https:\/\/divainers.com\/cs\/wp-json\/wp\/v2\/product_brand?post=550"},{"taxonomy":"product_cat","embeddable":true,"href":"https:\/\/divainers.com\/cs\/wp-json\/wp\/v2\/product_cat?post=550"},{"taxonomy":"product_tag","embeddable":true,"href":"https:\/\/divainers.com\/cs\/wp-json\/wp\/v2\/product_tag?post=550"}],"curies":[{"name":"wp","href":"https:\/\/api.w.org\/{rel}","templated":true}]}}