{"id":613,"date":"2025-01-31T08:32:24","date_gmt":"2025-01-31T07:32:24","guid":{"rendered":"https:\/\/divainers.com\/producto\/divain-513\/"},"modified":"2026-03-16T16:07:36","modified_gmt":"2026-03-16T15:07:36","slug":"divain-513","status":"publish","type":"product","link":"https:\/\/divainers.com\/cs\/producto\/divain-513\/","title":{"rendered":"divain.513"},"content":{"rendered":"<p>Un aroma limpio, elegante y atemporal que evoca la frescura de la ropa blanca secada al sol con una brisa floral delicada. Desde la apertura, una explosi\u00f3n chispeante de aldeh\u00eddos, lim\u00f3n y durazno despierta los sentidos con una sensaci\u00f3n luminosa y aireada. En su coraz\u00f3n, un bouquet refinado de rosa, jazm\u00edn y lirio de los valles aporta una feminidad suave y sofisticada. Finalmente, un fondo c\u00e1lido de vetiver, s\u00e1ndalo y \u00e1mbar deja una estela empolvada, fresca y envolvente. Un perfume cl\u00e1sico y refinado, ideal para quienes buscan una fragancia limpia, sofisticada y con una elegancia serena e inconfundible.<\/p>\n","protected":false},"excerpt":{"rendered":"<p>Recuerda a White Linen de Estee Lauder<\/p>\n","protected":false},"featured_media":2920,"comment_status":"open","ping_status":"closed","template":"","meta":[],"product_brand":[],"product_cat":[361],"product_tag":[1450],"class_list":{"0":"post-613","1":"product","2":"type-product","3":"status-publish","4":"has-post-thumbnail","6":"product_cat-estee-lauder","7":"product_tag-femei","9":"first","10":"instock","11":"shipping-taxable","12":"product-type-simple"},"_links":{"self":[{"href":"https:\/\/divainers.com\/cs\/wp-json\/wp\/v2\/product\/613","targetHints":{"allow":["GET"]}}],"collection":[{"href":"https:\/\/divainers.com\/cs\/wp-json\/wp\/v2\/product"}],"about":[{"href":"https:\/\/divainers.com\/cs\/wp-json\/wp\/v2\/types\/product"}],"replies":[{"embeddable":true,"href":"https:\/\/divainers.com\/cs\/wp-json\/wp\/v2\/comments?post=613"}],"wp:featuredmedia":[{"embeddable":true,"href":"https:\/\/divainers.com\/cs\/wp-json\/wp\/v2\/media\/2920"}],"wp:attachment":[{"href":"https:\/\/divainers.com\/cs\/wp-json\/wp\/v2\/media?parent=613"}],"wp:term":[{"taxonomy":"product_brand","embeddable":true,"href":"https:\/\/divainers.com\/cs\/wp-json\/wp\/v2\/product_brand?post=613"},{"taxonomy":"product_cat","embeddable":true,"href":"https:\/\/divainers.com\/cs\/wp-json\/wp\/v2\/product_cat?post=613"},{"taxonomy":"product_tag","embeddable":true,"href":"https:\/\/divainers.com\/cs\/wp-json\/wp\/v2\/product_tag?post=613"}],"curies":[{"name":"wp","href":"https:\/\/api.w.org\/{rel}","templated":true}]}}