{"id":634,"date":"2025-01-31T08:32:27","date_gmt":"2025-01-31T07:32:27","guid":{"rendered":"https:\/\/divainers.com\/producto\/divain-136\/"},"modified":"2026-03-16T16:07:38","modified_gmt":"2026-03-16T15:07:38","slug":"divain-136","status":"publish","type":"product","link":"https:\/\/divainers.com\/cs\/producto\/divain-136\/","title":{"rendered":"divain.136"},"content":{"rendered":"<p>Un aroma elegante y sofisticado que encarna la feminidad en su m\u00e1xima expresi\u00f3n. Su apertura luminosa de grosella negra aporta un toque afrutado y vibrante. En el coraz\u00f3n, la rosa de mayo y el frescor del jazm\u00edn envuelven la fragancia en una delicada sensualidad. En el fondo, la calidez del pachul\u00ed y la vainilla crean una estela envolvente y adictiva, perfecta para la mujer segura de s\u00ed misma, sofisticada y con un encanto natural que deja una huella inolvidable.<\/p>\n","protected":false},"excerpt":{"rendered":"<p>Recuerda a S\u00ed de Giorgio Armani<\/p>\n","protected":false},"featured_media":3367,"comment_status":"open","ping_status":"closed","template":"","meta":[],"product_brand":[],"product_cat":[381],"product_tag":[1430],"class_list":{"0":"post-634","1":"product","2":"type-product","3":"status-publish","4":"has-post-thumbnail","6":"product_cat-giorgio-armani","7":"product_tag-zeny","9":"first","10":"instock","11":"shipping-taxable","12":"product-type-simple"},"_links":{"self":[{"href":"https:\/\/divainers.com\/cs\/wp-json\/wp\/v2\/product\/634","targetHints":{"allow":["GET"]}}],"collection":[{"href":"https:\/\/divainers.com\/cs\/wp-json\/wp\/v2\/product"}],"about":[{"href":"https:\/\/divainers.com\/cs\/wp-json\/wp\/v2\/types\/product"}],"replies":[{"embeddable":true,"href":"https:\/\/divainers.com\/cs\/wp-json\/wp\/v2\/comments?post=634"}],"wp:featuredmedia":[{"embeddable":true,"href":"https:\/\/divainers.com\/cs\/wp-json\/wp\/v2\/media\/3367"}],"wp:attachment":[{"href":"https:\/\/divainers.com\/cs\/wp-json\/wp\/v2\/media?parent=634"}],"wp:term":[{"taxonomy":"product_brand","embeddable":true,"href":"https:\/\/divainers.com\/cs\/wp-json\/wp\/v2\/product_brand?post=634"},{"taxonomy":"product_cat","embeddable":true,"href":"https:\/\/divainers.com\/cs\/wp-json\/wp\/v2\/product_cat?post=634"},{"taxonomy":"product_tag","embeddable":true,"href":"https:\/\/divainers.com\/cs\/wp-json\/wp\/v2\/product_tag?post=634"}],"curies":[{"name":"wp","href":"https:\/\/api.w.org\/{rel}","templated":true}]}}