{"id":671,"date":"2025-01-31T08:32:31","date_gmt":"2025-01-31T07:32:31","guid":{"rendered":"https:\/\/divainers.com\/producto\/divain-154\/"},"modified":"2026-03-16T16:07:40","modified_gmt":"2026-03-16T15:07:40","slug":"divain-154","status":"publish","type":"product","link":"https:\/\/divainers.com\/cs\/producto\/divain-154\/","title":{"rendered":"divain.154"},"content":{"rendered":"<p>Un aroma vibrante y adictivo que destila confianza y feminidad con un toque travieso. Su apertura chispeante de pi\u00f1a, peon\u00eda y grosella rosa envuelve los sentidos en una explosi\u00f3n jugosa y afrutada. En el coraz\u00f3n, la mezcla seductora de rosa, jazm\u00edn y granada aporta una dulzura floral envolvente y sofisticada. En el fondo, el almizcle, el s\u00e1ndalo y la madera de teca crean una estela c\u00e1lida y sensual, perfecta para la mujer segura de s\u00ed misma, atrevida y con un magnetismo irresistible.<\/p>\n","protected":false},"excerpt":{"rendered":"<p>Recuerda a Envy Me de Gucci<\/p>\n","protected":false},"featured_media":3637,"comment_status":"open","ping_status":"closed","template":"","meta":[],"product_brand":[],"product_cat":[426],"product_tag":[1420],"class_list":{"0":"post-671","1":"product","2":"type-product","3":"status-publish","4":"has-post-thumbnail","6":"product_cat-gucci","7":"product_tag-frauen","9":"first","10":"instock","11":"shipping-taxable","12":"product-type-simple"},"_links":{"self":[{"href":"https:\/\/divainers.com\/cs\/wp-json\/wp\/v2\/product\/671","targetHints":{"allow":["GET"]}}],"collection":[{"href":"https:\/\/divainers.com\/cs\/wp-json\/wp\/v2\/product"}],"about":[{"href":"https:\/\/divainers.com\/cs\/wp-json\/wp\/v2\/types\/product"}],"replies":[{"embeddable":true,"href":"https:\/\/divainers.com\/cs\/wp-json\/wp\/v2\/comments?post=671"}],"wp:featuredmedia":[{"embeddable":true,"href":"https:\/\/divainers.com\/cs\/wp-json\/wp\/v2\/media\/3637"}],"wp:attachment":[{"href":"https:\/\/divainers.com\/cs\/wp-json\/wp\/v2\/media?parent=671"}],"wp:term":[{"taxonomy":"product_brand","embeddable":true,"href":"https:\/\/divainers.com\/cs\/wp-json\/wp\/v2\/product_brand?post=671"},{"taxonomy":"product_cat","embeddable":true,"href":"https:\/\/divainers.com\/cs\/wp-json\/wp\/v2\/product_cat?post=671"},{"taxonomy":"product_tag","embeddable":true,"href":"https:\/\/divainers.com\/cs\/wp-json\/wp\/v2\/product_tag?post=671"}],"curies":[{"name":"wp","href":"https:\/\/api.w.org\/{rel}","templated":true}]}}