{"id":6976,"date":"2025-01-31T08:31:48","date_gmt":"2025-01-31T07:31:48","guid":{"rendered":"https:\/\/divainers.com\/producto\/divain-205\/"},"modified":"2026-03-26T14:15:48","modified_gmt":"2026-03-26T13:15:48","slug":"divain-205","status":"publish","type":"product","link":"https:\/\/divainers.com\/cs\/producto\/divain-205\/","title":{"rendered":"divain.205"},"content":{"rendered":"<p><span data-sheets-root=\"1\">\u017div\u00e1 a magnetick\u00e1 v\u016fn\u011b, kter\u00e1 vyza\u0159uje sebev\u011bdom\u00ed a ml\u00e1d\u00ed v ka\u017ed\u00e9 not\u011b. Jeho sv\u011b\u017e\u00ed a podn\u011btn\u00fd \u00favod kombinuje citron, pomeran\u010d a kardamom, \u010d\u00edm\u017e vytv\u00e1\u0159\u00ed citrusovou explozi plnou energie. V srdci levandule a rozmar\u00fdn p\u0159in\u00e1\u0161ej\u00ed \u010dist\u00fd a mu\u017esk\u00fd aromatick\u00fd n\u00e1dech, zat\u00edmco d\u0159evit\u00fd z\u00e1klad pi\u017ema, vetiveru a dubov\u00e9ho mechu dod\u00e1v\u00e1 hloubku a smyslnost. Ide\u00e1ln\u00ed pro ty, kte\u0159\u00ed hledaj\u00ed sv\u011b\u017e\u00ed, odv\u00e1\u017enou a sv\u016fdnou v\u016fni, ide\u00e1ln\u00ed pro ka\u017edodenn\u00ed pou\u017eit\u00ed nebo pro nezapomenuteln\u00fd dojem.   <\/span><\/p>\n","protected":false},"excerpt":{"rendered":"<p>Vzpom\u00edn\u00e1te na Fierce z Abercrombie &amp; Fitch<\/p>\n","protected":false},"featured_media":3374,"comment_status":"open","ping_status":"closed","template":"","meta":[],"product_brand":[],"product_cat":[1313],"product_tag":[1339],"class_list":{"0":"post-6976","1":"product","2":"type-product","3":"status-publish","4":"has-post-thumbnail","6":"product_cat-abercrombie-fitch","7":"product_tag-uomo","9":"first","10":"instock","11":"shipping-taxable","12":"product-type-simple"},"_links":{"self":[{"href":"https:\/\/divainers.com\/cs\/wp-json\/wp\/v2\/product\/6976","targetHints":{"allow":["GET"]}}],"collection":[{"href":"https:\/\/divainers.com\/cs\/wp-json\/wp\/v2\/product"}],"about":[{"href":"https:\/\/divainers.com\/cs\/wp-json\/wp\/v2\/types\/product"}],"replies":[{"embeddable":true,"href":"https:\/\/divainers.com\/cs\/wp-json\/wp\/v2\/comments?post=6976"}],"wp:featuredmedia":[{"embeddable":true,"href":"https:\/\/divainers.com\/cs\/wp-json\/wp\/v2\/media\/3374"}],"wp:attachment":[{"href":"https:\/\/divainers.com\/cs\/wp-json\/wp\/v2\/media?parent=6976"}],"wp:term":[{"taxonomy":"product_brand","embeddable":true,"href":"https:\/\/divainers.com\/cs\/wp-json\/wp\/v2\/product_brand?post=6976"},{"taxonomy":"product_cat","embeddable":true,"href":"https:\/\/divainers.com\/cs\/wp-json\/wp\/v2\/product_cat?post=6976"},{"taxonomy":"product_tag","embeddable":true,"href":"https:\/\/divainers.com\/cs\/wp-json\/wp\/v2\/product_tag?post=6976"}],"curies":[{"name":"wp","href":"https:\/\/api.w.org\/{rel}","templated":true}]}}